{"id":13,"date":"2025-02-10T17:06:51","date_gmt":"2025-02-10T16:06:51","guid":{"rendered":"https:\/\/hotelhalaszkert.fatfoxcreative.hu\/?page_id=13"},"modified":"2025-02-19T18:16:33","modified_gmt":"2025-02-19T17:16:33","slug":"fooldal","status":"publish","type":"page","link":"https:\/\/hotelhalaszkert.hu\/en\/","title":{"rendered":"Home"},"content":{"rendered":"<div data-elementor-type=\"wp-page\" data-elementor-id=\"13\" class=\"elementor elementor-13\" data-elementor-post-type=\"page\">\n\t\t\t\t<div class=\"elementor-element elementor-element-3aff4c3 e-con-full e-flex e-con e-parent\" data-id=\"3aff4c3\" data-element_type=\"container\">\n\t\t\t\t<div class=\"elementor-element elementor-element-abc9fd7 elementor--h-position-left elementor--v-position-middle elementor-pagination-position-inside elementor-widget elementor-widget-slides\" data-id=\"abc9fd7\" data-element_type=\"widget\" data-settings=\"{&quot;navigation&quot;:&quot;dots&quot;,&quot;autoplay&quot;:&quot;yes&quot;,&quot;pause_on_hover&quot;:&quot;yes&quot;,&quot;pause_on_interaction&quot;:&quot;yes&quot;,&quot;autoplay_speed&quot;:5000,&quot;infinite&quot;:&quot;yes&quot;,&quot;transition&quot;:&quot;slide&quot;,&quot;transition_speed&quot;:500}\" data-widget_type=\"slides.default\">\n\t\t\t\t<div class=\"elementor-widget-container\">\n\t\t\t\t\t\t\t\t\t<div class=\"elementor-swiper\">\n\t\t\t\t\t<div class=\"elementor-slides-wrapper elementor-main-swiper swiper\" role=\"region\" aria-roledescription=\"carousel\" aria-label=\"Di\u00e1k\" dir=\"ltr\" data-animation=\"fadeInUp\">\n\t\t\t\t<div class=\"swiper-wrapper elementor-slides\">\n\t\t\t\t\t\t\t\t\t\t<div class=\"elementor-repeater-item-8848503 swiper-slide\" role=\"group\" aria-roledescription=\"slide\"><div class=\"swiper-slide-bg elementor-ken-burns elementor-ken-burns--in\" role=\"img\"><\/div><div class=\"elementor-background-overlay\"><\/div><a class=\"swiper-slide-inner\" href=\"https:\/\/book.hotelhalaszkert.hu\/ajanlatkeres\"><div class=\"swiper-slide-contents\"><div class=\"elementor-slide-description\">Badacsony wines, <br>cozy rooms, <br>pleasant surroundings<\/div><div  class=\"elementor-button elementor-slide-button elementor-size-sm\">Requesting offer<\/div><\/div><\/a><\/div><div class=\"elementor-repeater-item-1c69364 swiper-slide\" role=\"group\" aria-roledescription=\"slide\"><div class=\"swiper-slide-bg elementor-ken-burns elementor-ken-burns--in\" role=\"img\"><\/div><div class=\"elementor-background-overlay\"><\/div><a class=\"swiper-slide-inner\" href=\"https:\/\/book.hotelhalaszkert.hu\/ajanlatkeres\"><div class=\"swiper-slide-contents\"><div class=\"elementor-slide-description\">Magical wedding <br> at the foot of Badacsony Hill<\/div><div  class=\"elementor-button elementor-slide-button elementor-size-sm\">Requesting offer<\/div><\/div><\/a><\/div><div class=\"elementor-repeater-item-0cfe05f swiper-slide\" role=\"group\" aria-roledescription=\"slide\"><div class=\"swiper-slide-bg elementor-ken-burns elementor-ken-burns--in\" role=\"img\"><\/div><div class=\"elementor-background-overlay\"><\/div><a class=\"swiper-slide-inner\" href=\"https:\/\/book.hotelhalaszkert.hu\/foglalas\/kereses\"><div class=\"swiper-slide-contents\"><div class=\"elementor-slide-description\">Pampering offers <br>for all ages<\/div><div  class=\"elementor-button elementor-slide-button elementor-size-sm\">Booking<\/div><\/div><\/a><\/div>\t\t\t\t<\/div>\n\t\t\t\t\t\t\t\t\t\t\t\t\t\t\t\t\t\t\t\t<div class=\"swiper-pagination\"><\/div>\n\t\t\t\t\t\t\t\t\t\t\t\t<\/div>\n\t\t\t\t<\/div>\n\t\t\t\t\t\t\t\t<\/div>\n\t\t\t\t<\/div>\n\t\t\t\t<\/div>\n\t\t<div class=\"elementor-element elementor-element-24d6839 e-flex e-con-boxed e-con e-parent\" data-id=\"24d6839\" data-element_type=\"container\">\n\t\t\t\t\t<div class=\"e-con-inner\">\n\t\t<div class=\"elementor-element elementor-element-becacf4 e-con-full e-flex e-con e-child\" data-id=\"becacf4\" data-element_type=\"container\">\n\t\t\t\t<div class=\"elementor-element elementor-element-8fa4898 elementor-widget elementor-widget-gallery\" data-id=\"8fa4898\" data-element_type=\"widget\" data-settings=\"{&quot;columns&quot;:3,&quot;columns_mobile&quot;:2,&quot;lazyload&quot;:&quot;yes&quot;,&quot;gallery_layout&quot;:&quot;grid&quot;,&quot;columns_tablet&quot;:2,&quot;gap&quot;:{&quot;unit&quot;:&quot;px&quot;,&quot;size&quot;:10,&quot;sizes&quot;:[]},&quot;gap_tablet&quot;:{&quot;unit&quot;:&quot;px&quot;,&quot;size&quot;:10,&quot;sizes&quot;:[]},&quot;gap_mobile&quot;:{&quot;unit&quot;:&quot;px&quot;,&quot;size&quot;:10,&quot;sizes&quot;:[]},&quot;link_to&quot;:&quot;file&quot;,&quot;aspect_ratio&quot;:&quot;3:2&quot;,&quot;overlay_background&quot;:&quot;yes&quot;,&quot;content_hover_animation&quot;:&quot;fade-in&quot;}\" data-widget_type=\"gallery.default\">\n\t\t\t\t<div class=\"elementor-widget-container\">\n\t\t\t\t\t\t\t<div class=\"elementor-gallery__container\">\n\t\t\t\t\t\t\t<a class=\"e-gallery-item elementor-gallery-item elementor-animated-content\" href=\"https:\/\/hotelhalaszkert.hu\/wp-content\/uploads\/2025\/02\/vDSC_0029.jpg\" data-elementor-open-lightbox=\"yes\" data-elementor-lightbox-slideshow=\"8fa4898\" data-elementor-lightbox-title=\"vDSC_0029\" data-e-action-hash=\"#elementor-action%3Aaction%3Dlightbox%26settings%3DeyJpZCI6MTc1LCJ1cmwiOiJodHRwczpcL1wvaG90ZWxoYWxhc3prZXJ0Lmh1XC93cC1jb250ZW50XC91cGxvYWRzXC8yMDI1XC8wMlwvdkRTQ18wMDI5LmpwZyIsInNsaWRlc2hvdyI6IjhmYTQ4OTgifQ%3D%3D\">\n\t\t\t\t\t<div class=\"e-gallery-image elementor-gallery-item__image\" data-thumbnail=\"https:\/\/hotelhalaszkert.hu\/wp-content\/uploads\/2025\/02\/vDSC_0029-300x200.jpg\" data-width=\"300\" data-height=\"200\" aria-label=\"\" role=\"img\" ><\/div>\n\t\t\t\t\t\t\t\t\t\t\t<div class=\"elementor-gallery-item__overlay\"><\/div>\n\t\t\t\t\t\t\t\t\t\t\t\t\t\t<\/a>\n\t\t\t\t\t\t\t<a class=\"e-gallery-item elementor-gallery-item elementor-animated-content\" href=\"https:\/\/hotelhalaszkert.hu\/wp-content\/uploads\/2025\/02\/vDSC_0190.jpg\" data-elementor-open-lightbox=\"yes\" data-elementor-lightbox-slideshow=\"8fa4898\" data-elementor-lightbox-title=\"vDSC_0190\" data-e-action-hash=\"#elementor-action%3Aaction%3Dlightbox%26settings%3DeyJpZCI6MTc3LCJ1cmwiOiJodHRwczpcL1wvaG90ZWxoYWxhc3prZXJ0Lmh1XC93cC1jb250ZW50XC91cGxvYWRzXC8yMDI1XC8wMlwvdkRTQ18wMTkwLmpwZyIsInNsaWRlc2hvdyI6IjhmYTQ4OTgifQ%3D%3D\">\n\t\t\t\t\t<div class=\"e-gallery-image elementor-gallery-item__image\" data-thumbnail=\"https:\/\/hotelhalaszkert.hu\/wp-content\/uploads\/2025\/02\/vDSC_0190-300x200.jpg\" data-width=\"300\" data-height=\"200\" aria-label=\"\" role=\"img\" ><\/div>\n\t\t\t\t\t\t\t\t\t\t\t<div class=\"elementor-gallery-item__overlay\"><\/div>\n\t\t\t\t\t\t\t\t\t\t\t\t\t\t<\/a>\n\t\t\t\t\t\t\t<a class=\"e-gallery-item elementor-gallery-item elementor-animated-content\" href=\"https:\/\/hotelhalaszkert.hu\/wp-content\/uploads\/2025\/02\/vDSC_0302.jpg\" data-elementor-open-lightbox=\"yes\" data-elementor-lightbox-slideshow=\"8fa4898\" data-elementor-lightbox-title=\"vDSC_0302\" data-e-action-hash=\"#elementor-action%3Aaction%3Dlightbox%26settings%3DeyJpZCI6MTc4LCJ1cmwiOiJodHRwczpcL1wvaG90ZWxoYWxhc3prZXJ0Lmh1XC93cC1jb250ZW50XC91cGxvYWRzXC8yMDI1XC8wMlwvdkRTQ18wMzAyLmpwZyIsInNsaWRlc2hvdyI6IjhmYTQ4OTgifQ%3D%3D\">\n\t\t\t\t\t<div class=\"e-gallery-image elementor-gallery-item__image\" data-thumbnail=\"https:\/\/hotelhalaszkert.hu\/wp-content\/uploads\/2025\/02\/vDSC_0302-300x200.jpg\" data-width=\"300\" data-height=\"200\" aria-label=\"\" role=\"img\" ><\/div>\n\t\t\t\t\t\t\t\t\t\t\t<div class=\"elementor-gallery-item__overlay\"><\/div>\n\t\t\t\t\t\t\t\t\t\t\t\t\t\t<\/a>\n\t\t\t\t\t\t\t<a class=\"e-gallery-item elementor-gallery-item elementor-animated-content\" href=\"https:\/\/hotelhalaszkert.hu\/wp-content\/uploads\/2025\/02\/vDSC_0360.jpg\" data-elementor-open-lightbox=\"yes\" data-elementor-lightbox-slideshow=\"8fa4898\" data-elementor-lightbox-title=\"vDSC_0360\" data-e-action-hash=\"#elementor-action%3Aaction%3Dlightbox%26settings%3DeyJpZCI6MTc5LCJ1cmwiOiJodHRwczpcL1wvaG90ZWxoYWxhc3prZXJ0Lmh1XC93cC1jb250ZW50XC91cGxvYWRzXC8yMDI1XC8wMlwvdkRTQ18wMzYwLmpwZyIsInNsaWRlc2hvdyI6IjhmYTQ4OTgifQ%3D%3D\">\n\t\t\t\t\t<div class=\"e-gallery-image elementor-gallery-item__image\" data-thumbnail=\"https:\/\/hotelhalaszkert.hu\/wp-content\/uploads\/2025\/02\/vDSC_0360-300x199.jpg\" data-width=\"300\" data-height=\"199\" aria-label=\"\" role=\"img\" ><\/div>\n\t\t\t\t\t\t\t\t\t\t\t<div class=\"elementor-gallery-item__overlay\"><\/div>\n\t\t\t\t\t\t\t\t\t\t\t\t\t\t<\/a>\n\t\t\t\t\t\t\t<a class=\"e-gallery-item elementor-gallery-item elementor-animated-content\" href=\"https:\/\/hotelhalaszkert.hu\/wp-content\/uploads\/2025\/02\/vDSC_0514.jpg\" data-elementor-open-lightbox=\"yes\" data-elementor-lightbox-slideshow=\"8fa4898\" data-elementor-lightbox-title=\"vDSC_0514\" data-e-action-hash=\"#elementor-action%3Aaction%3Dlightbox%26settings%3DeyJpZCI6MTgwLCJ1cmwiOiJodHRwczpcL1wvaG90ZWxoYWxhc3prZXJ0Lmh1XC93cC1jb250ZW50XC91cGxvYWRzXC8yMDI1XC8wMlwvdkRTQ18wNTE0LmpwZyIsInNsaWRlc2hvdyI6IjhmYTQ4OTgifQ%3D%3D\">\n\t\t\t\t\t<div class=\"e-gallery-image elementor-gallery-item__image\" data-thumbnail=\"https:\/\/hotelhalaszkert.hu\/wp-content\/uploads\/2025\/02\/vDSC_0514-300x199.jpg\" data-width=\"300\" data-height=\"199\" aria-label=\"\" role=\"img\" ><\/div>\n\t\t\t\t\t\t\t\t\t\t\t<div class=\"elementor-gallery-item__overlay\"><\/div>\n\t\t\t\t\t\t\t\t\t\t\t\t\t\t<\/a>\n\t\t\t\t\t\t\t<a class=\"e-gallery-item elementor-gallery-item elementor-animated-content\" href=\"https:\/\/hotelhalaszkert.hu\/wp-content\/uploads\/2025\/02\/vDSC_0553.jpg\" data-elementor-open-lightbox=\"yes\" data-elementor-lightbox-slideshow=\"8fa4898\" data-elementor-lightbox-title=\"vDSC_0553\" data-e-action-hash=\"#elementor-action%3Aaction%3Dlightbox%26settings%3DeyJpZCI6MTgxLCJ1cmwiOiJodHRwczpcL1wvaG90ZWxoYWxhc3prZXJ0Lmh1XC93cC1jb250ZW50XC91cGxvYWRzXC8yMDI1XC8wMlwvdkRTQ18wNTUzLmpwZyIsInNsaWRlc2hvdyI6IjhmYTQ4OTgifQ%3D%3D\">\n\t\t\t\t\t<div class=\"e-gallery-image elementor-gallery-item__image\" data-thumbnail=\"https:\/\/hotelhalaszkert.hu\/wp-content\/uploads\/2025\/02\/vDSC_0553-300x199.jpg\" data-width=\"300\" data-height=\"199\" aria-label=\"\" role=\"img\" ><\/div>\n\t\t\t\t\t\t\t\t\t\t\t<div class=\"elementor-gallery-item__overlay\"><\/div>\n\t\t\t\t\t\t\t\t\t\t\t\t\t\t<\/a>\n\t\t\t\t\t\t\t<a class=\"e-gallery-item elementor-gallery-item elementor-animated-content\" href=\"https:\/\/hotelhalaszkert.hu\/wp-content\/uploads\/2025\/02\/vDSC_0846-1.jpg\" data-elementor-open-lightbox=\"yes\" data-elementor-lightbox-slideshow=\"8fa4898\" data-elementor-lightbox-title=\"vDSC_0846 (1)\" data-e-action-hash=\"#elementor-action%3Aaction%3Dlightbox%26settings%3DeyJpZCI6MTgyLCJ1cmwiOiJodHRwczpcL1wvaG90ZWxoYWxhc3prZXJ0Lmh1XC93cC1jb250ZW50XC91cGxvYWRzXC8yMDI1XC8wMlwvdkRTQ18wODQ2LTEuanBnIiwic2xpZGVzaG93IjoiOGZhNDg5OCJ9\">\n\t\t\t\t\t<div class=\"e-gallery-image elementor-gallery-item__image\" data-thumbnail=\"https:\/\/hotelhalaszkert.hu\/wp-content\/uploads\/2025\/02\/vDSC_0846-1-300x199.jpg\" data-width=\"300\" data-height=\"199\" aria-label=\"\" role=\"img\" ><\/div>\n\t\t\t\t\t\t\t\t\t\t\t<div class=\"elementor-gallery-item__overlay\"><\/div>\n\t\t\t\t\t\t\t\t\t\t\t\t\t\t<\/a>\n\t\t\t\t\t\t\t<a class=\"e-gallery-item elementor-gallery-item elementor-animated-content\" href=\"https:\/\/hotelhalaszkert.hu\/wp-content\/uploads\/2025\/02\/vDSC_9863.jpg\" data-elementor-open-lightbox=\"yes\" data-elementor-lightbox-slideshow=\"8fa4898\" data-elementor-lightbox-title=\"vDSC_9863\" data-e-action-hash=\"#elementor-action%3Aaction%3Dlightbox%26settings%3DeyJpZCI6MTgzLCJ1cmwiOiJodHRwczpcL1wvaG90ZWxoYWxhc3prZXJ0Lmh1XC93cC1jb250ZW50XC91cGxvYWRzXC8yMDI1XC8wMlwvdkRTQ185ODYzLmpwZyIsInNsaWRlc2hvdyI6IjhmYTQ4OTgifQ%3D%3D\">\n\t\t\t\t\t<div class=\"e-gallery-image elementor-gallery-item__image\" data-thumbnail=\"https:\/\/hotelhalaszkert.hu\/wp-content\/uploads\/2025\/02\/vDSC_9863-300x200.jpg\" data-width=\"300\" data-height=\"200\" aria-label=\"\" role=\"img\" ><\/div>\n\t\t\t\t\t\t\t\t\t\t\t<div class=\"elementor-gallery-item__overlay\"><\/div>\n\t\t\t\t\t\t\t\t\t\t\t\t\t\t<\/a>\n\t\t\t\t\t\t\t<a class=\"e-gallery-item elementor-gallery-item elementor-animated-content\" href=\"https:\/\/hotelhalaszkert.hu\/wp-content\/uploads\/2025\/02\/vDSC_9997.jpg\" data-elementor-open-lightbox=\"yes\" data-elementor-lightbox-slideshow=\"8fa4898\" data-elementor-lightbox-title=\"vDSC_9997\" data-e-action-hash=\"#elementor-action%3Aaction%3Dlightbox%26settings%3DeyJpZCI6MTg0LCJ1cmwiOiJodHRwczpcL1wvaG90ZWxoYWxhc3prZXJ0Lmh1XC93cC1jb250ZW50XC91cGxvYWRzXC8yMDI1XC8wMlwvdkRTQ185OTk3LmpwZyIsInNsaWRlc2hvdyI6IjhmYTQ4OTgifQ%3D%3D\">\n\t\t\t\t\t<div class=\"e-gallery-image elementor-gallery-item__image\" data-thumbnail=\"https:\/\/hotelhalaszkert.hu\/wp-content\/uploads\/2025\/02\/vDSC_9997-300x200.jpg\" data-width=\"300\" data-height=\"200\" aria-label=\"\" role=\"img\" ><\/div>\n\t\t\t\t\t\t\t\t\t\t\t<div class=\"elementor-gallery-item__overlay\"><\/div>\n\t\t\t\t\t\t\t\t\t\t\t\t\t\t<\/a>\n\t\t\t\t\t<\/div>\n\t\t\t\t\t<\/div>\n\t\t\t\t<\/div>\n\t\t\t\t<\/div>\n\t\t<div class=\"elementor-element elementor-element-fb5e26c e-con-full e-flex e-con e-child\" data-id=\"fb5e26c\" data-element_type=\"container\">\n\t\t\t\t<div class=\"elementor-element elementor-element-3e42375 elementor-widget elementor-widget-heading\" data-id=\"3e42375\" data-element_type=\"widget\" data-widget_type=\"heading.default\">\n\t\t\t\t<div class=\"elementor-widget-container\">\n\t\t\t\t\t<h2 class=\"elementor-heading-title elementor-size-default\">Hotel Hal\u00e1szkert Badacsony<\/h2>\t\t\t\t<\/div>\n\t\t\t\t<\/div>\n\t\t\t\t<div class=\"elementor-element elementor-element-e75d317 elementor-widget elementor-widget-text-editor\" data-id=\"e75d317\" data-element_type=\"widget\" data-widget_type=\"text-editor.default\">\n\t\t\t\t<div class=\"elementor-widget-container\">\n\t\t\t\t\t\t\t\t\t<p>Opened in 2014, our homely Hotel has 45 rooms with a capacity of 100 people. Some of our rooms have a panoramic view of Lake Balaton and Badacsony Hill, all of them have air conditioning, LCD TV, telephone, refrigerator and internet. For families with small children, we provide a cot, high chair and baby bath on request.<\/p>\t\t\t\t\t\t\t\t<\/div>\n\t\t\t\t<\/div>\n\t\t\t\t<div class=\"elementor-element elementor-element-f823448 elementor-widget elementor-widget-text-editor\" data-id=\"f823448\" data-element_type=\"widget\" data-widget_type=\"text-editor.default\">\n\t\t\t\t<div class=\"elementor-widget-container\">\n\t\t\t\t\t\t\t\t\t<p>At our Wellness area, guests can make use of the jacuzzi and swimming pool; their use is included in the room rate. We also have an infrared sauna and a standing solarium. 24 hour reception. Our guests can park their cars in a guarded, closed, car park.<\/p>\t\t\t\t\t\t\t\t<\/div>\n\t\t\t\t<\/div>\n\t\t<div class=\"elementor-element elementor-element-b151cd4 e-con-full e-flex e-con e-child\" data-id=\"b151cd4\" data-element_type=\"container\">\n\t\t\t\t<div class=\"elementor-element elementor-element-ba4ef54 elementor-widget elementor-widget-button\" data-id=\"ba4ef54\" data-element_type=\"widget\" data-widget_type=\"button.default\">\n\t\t\t\t<div class=\"elementor-widget-container\">\n\t\t\t\t\t\t\t\t\t<div class=\"elementor-button-wrapper\">\n\t\t\t\t\t<a class=\"elementor-button elementor-button-link elementor-size-sm\" href=\"https:\/\/book.hotelhalaszkert.hu\/ajanlatkeres\">\n\t\t\t\t\t\t<span class=\"elementor-button-content-wrapper\">\n\t\t\t\t\t\t\t\t\t<span class=\"elementor-button-text\">Requesting offer<\/span>\n\t\t\t\t\t<\/span>\n\t\t\t\t\t<\/a>\n\t\t\t\t<\/div>\n\t\t\t\t\t\t\t\t<\/div>\n\t\t\t\t<\/div>\n\t\t\t\t<div class=\"elementor-element elementor-element-f1a1ffb elementor-widget elementor-widget-button\" data-id=\"f1a1ffb\" data-element_type=\"widget\" data-widget_type=\"button.default\">\n\t\t\t\t<div class=\"elementor-widget-container\">\n\t\t\t\t\t\t\t\t\t<div class=\"elementor-button-wrapper\">\n\t\t\t\t\t<a class=\"elementor-button elementor-button-link elementor-size-sm\" href=\"https:\/\/book.hotelhalaszkert.hu\/foglalas\/kereses\">\n\t\t\t\t\t\t<span class=\"elementor-button-content-wrapper\">\n\t\t\t\t\t\t\t\t\t<span class=\"elementor-button-text\">Booking<\/span>\n\t\t\t\t\t<\/span>\n\t\t\t\t\t<\/a>\n\t\t\t\t<\/div>\n\t\t\t\t\t\t\t\t<\/div>\n\t\t\t\t<\/div>\n\t\t\t\t<\/div>\n\t\t\t\t<\/div>\n\t\t\t\t\t<\/div>\n\t\t\t\t<\/div>\n\t\t<div class=\"elementor-element elementor-element-d0dceb4 e-flex e-con-boxed e-con e-parent\" data-id=\"d0dceb4\" data-element_type=\"container\" data-settings=\"{&quot;background_background&quot;:&quot;classic&quot;}\">\n\t\t\t\t\t<div class=\"e-con-inner\">\n\t\t<div class=\"elementor-element elementor-element-9757662 e-con-full e-flex e-con e-child\" data-id=\"9757662\" data-element_type=\"container\">\n\t\t\t\t<div class=\"elementor-element elementor-element-741eb70 elementor-widget elementor-widget-gallery\" data-id=\"741eb70\" data-element_type=\"widget\" data-settings=\"{&quot;columns&quot;:2,&quot;gap&quot;:{&quot;unit&quot;:&quot;px&quot;,&quot;size&quot;:20,&quot;sizes&quot;:[]},&quot;image_hover_animation&quot;:&quot;shrink-contained&quot;,&quot;lazyload&quot;:&quot;yes&quot;,&quot;gallery_layout&quot;:&quot;grid&quot;,&quot;columns_tablet&quot;:2,&quot;columns_mobile&quot;:1,&quot;gap_tablet&quot;:{&quot;unit&quot;:&quot;px&quot;,&quot;size&quot;:10,&quot;sizes&quot;:[]},&quot;gap_mobile&quot;:{&quot;unit&quot;:&quot;px&quot;,&quot;size&quot;:10,&quot;sizes&quot;:[]},&quot;link_to&quot;:&quot;file&quot;,&quot;aspect_ratio&quot;:&quot;3:2&quot;,&quot;overlay_background&quot;:&quot;yes&quot;,&quot;content_hover_animation&quot;:&quot;fade-in&quot;}\" data-widget_type=\"gallery.default\">\n\t\t\t\t<div class=\"elementor-widget-container\">\n\t\t\t\t\t\t\t<div class=\"elementor-gallery__container\">\n\t\t\t\t\t\t\t<a class=\"e-gallery-item elementor-gallery-item elementor-animated-content\" href=\"https:\/\/hotelhalaszkert.hu\/wp-content\/uploads\/2025\/02\/328113931_550587700163471_7152704814085842706_n.jpg\" data-elementor-open-lightbox=\"yes\" data-elementor-lightbox-slideshow=\"741eb70\" data-elementor-lightbox-title=\"328113931_550587700163471_7152704814085842706_n\" data-e-action-hash=\"#elementor-action%3Aaction%3Dlightbox%26settings%3DeyJpZCI6MTg2LCJ1cmwiOiJodHRwczpcL1wvaG90ZWxoYWxhc3prZXJ0Lmh1XC93cC1jb250ZW50XC91cGxvYWRzXC8yMDI1XC8wMlwvMzI4MTEzOTMxXzU1MDU4NzcwMDE2MzQ3MV83MTUyNzA0ODE0MDg1ODQyNzA2X24uanBnIiwic2xpZGVzaG93IjoiNzQxZWI3MCJ9\">\n\t\t\t\t\t<div class=\"e-gallery-image elementor-gallery-item__image\" data-thumbnail=\"https:\/\/hotelhalaszkert.hu\/wp-content\/uploads\/2025\/02\/328113931_550587700163471_7152704814085842706_n-300x199.jpg\" data-width=\"300\" data-height=\"199\" aria-label=\"\" role=\"img\" ><\/div>\n\t\t\t\t\t\t\t\t\t\t\t<div class=\"elementor-gallery-item__overlay\"><\/div>\n\t\t\t\t\t\t\t\t\t\t\t\t\t\t<\/a>\n\t\t\t\t\t\t\t<a class=\"e-gallery-item elementor-gallery-item elementor-animated-content\" href=\"https:\/\/hotelhalaszkert.hu\/wp-content\/uploads\/2025\/02\/398844073_838751181590578_4476316194193960416_n.jpg\" data-elementor-open-lightbox=\"yes\" data-elementor-lightbox-slideshow=\"741eb70\" data-elementor-lightbox-title=\"398844073_838751181590578_4476316194193960416_n\" data-e-action-hash=\"#elementor-action%3Aaction%3Dlightbox%26settings%3DeyJpZCI6MTg3LCJ1cmwiOiJodHRwczpcL1wvaG90ZWxoYWxhc3prZXJ0Lmh1XC93cC1jb250ZW50XC91cGxvYWRzXC8yMDI1XC8wMlwvMzk4ODQ0MDczXzgzODc1MTE4MTU5MDU3OF80NDc2MzE2MTk0MTkzOTYwNDE2X24uanBnIiwic2xpZGVzaG93IjoiNzQxZWI3MCJ9\">\n\t\t\t\t\t<div class=\"e-gallery-image elementor-gallery-item__image\" data-thumbnail=\"https:\/\/hotelhalaszkert.hu\/wp-content\/uploads\/2025\/02\/398844073_838751181590578_4476316194193960416_n-300x199.jpg\" data-width=\"300\" data-height=\"199\" aria-label=\"\" role=\"img\" ><\/div>\n\t\t\t\t\t\t\t\t\t\t\t<div class=\"elementor-gallery-item__overlay\"><\/div>\n\t\t\t\t\t\t\t\t\t\t\t\t\t\t<\/a>\n\t\t\t\t\t\t\t<a class=\"e-gallery-item elementor-gallery-item elementor-animated-content\" href=\"https:\/\/hotelhalaszkert.hu\/wp-content\/uploads\/2025\/02\/424611166_909198557879173_9011733562438746611_n.jpg\" data-elementor-open-lightbox=\"yes\" data-elementor-lightbox-slideshow=\"741eb70\" data-elementor-lightbox-title=\"424611166_909198557879173_9011733562438746611_n\" data-e-action-hash=\"#elementor-action%3Aaction%3Dlightbox%26settings%3DeyJpZCI6MTg4LCJ1cmwiOiJodHRwczpcL1wvaG90ZWxoYWxhc3prZXJ0Lmh1XC93cC1jb250ZW50XC91cGxvYWRzXC8yMDI1XC8wMlwvNDI0NjExMTY2XzkwOTE5ODU1Nzg3OTE3M185MDExNzMzNTYyNDM4NzQ2NjExX24uanBnIiwic2xpZGVzaG93IjoiNzQxZWI3MCJ9\">\n\t\t\t\t\t<div class=\"e-gallery-image elementor-gallery-item__image\" data-thumbnail=\"https:\/\/hotelhalaszkert.hu\/wp-content\/uploads\/2025\/02\/424611166_909198557879173_9011733562438746611_n-300x200.jpg\" data-width=\"300\" data-height=\"200\" aria-label=\"\" role=\"img\" ><\/div>\n\t\t\t\t\t\t\t\t\t\t\t<div class=\"elementor-gallery-item__overlay\"><\/div>\n\t\t\t\t\t\t\t\t\t\t\t\t\t\t<\/a>\n\t\t\t\t\t\t\t<a class=\"e-gallery-item elementor-gallery-item elementor-animated-content\" href=\"https:\/\/hotelhalaszkert.hu\/wp-content\/uploads\/2025\/02\/image-5.jpg\" data-elementor-open-lightbox=\"yes\" data-elementor-lightbox-slideshow=\"741eb70\" data-elementor-lightbox-title=\"image (5)\" data-e-action-hash=\"#elementor-action%3Aaction%3Dlightbox%26settings%3DeyJpZCI6MTg5LCJ1cmwiOiJodHRwczpcL1wvaG90ZWxoYWxhc3prZXJ0Lmh1XC93cC1jb250ZW50XC91cGxvYWRzXC8yMDI1XC8wMlwvaW1hZ2UtNS5qcGciLCJzbGlkZXNob3ciOiI3NDFlYjcwIn0%3D\">\n\t\t\t\t\t<div class=\"e-gallery-image elementor-gallery-item__image\" data-thumbnail=\"https:\/\/hotelhalaszkert.hu\/wp-content\/uploads\/2025\/02\/image-5-300x199.jpg\" data-width=\"300\" data-height=\"199\" aria-label=\"\" role=\"img\" ><\/div>\n\t\t\t\t\t\t\t\t\t\t\t<div class=\"elementor-gallery-item__overlay\"><\/div>\n\t\t\t\t\t\t\t\t\t\t\t\t\t\t<\/a>\n\t\t\t\t\t<\/div>\n\t\t\t\t\t<\/div>\n\t\t\t\t<\/div>\n\t\t\t\t<\/div>\n\t\t\t\t\t<\/div>\n\t\t\t\t<\/div>\n\t\t<div class=\"elementor-element elementor-element-20f2dde e-flex e-con-boxed e-con e-parent\" data-id=\"20f2dde\" data-element_type=\"container\">\n\t\t\t\t\t<div class=\"e-con-inner\">\n\t\t\t\t<div class=\"elementor-element elementor-element-f272130 elementor-widget elementor-widget-text-editor\" data-id=\"f272130\" data-element_type=\"widget\" data-widget_type=\"text-editor.default\">\n\t\t\t\t<div class=\"elementor-widget-container\">\n\t\t\t\t\t\t\t\t\t<p>Dear Guests!<br \/><br \/>From 1. September 2021, all accommodation establishments, including our hotel, must comply with another data provision obligation in accordance with Government Act CLVI of 2016 on the State Tasks for the Development of Tourist Areas. (Guest Information Closed Database = VIZA).<br \/>We would like to draw your attention to the fact that EVERYONE, regardless of age, needs a PHOTO CERTIFICATE to check in at the hotel, including children and babies. Please make sure you have these IDs before you travel! If the Guest arrives at our hotel without documents, we will not be able to receive them due to the current legislation!<\/p><p class=\"translation-block\">Detailed information: https:\/\/vizainfo.hu\/vendegek<\/p><p>Thank you very much in advance for your understanding!<\/p>\t\t\t\t\t\t\t\t<\/div>\n\t\t\t\t<\/div>\n\t\t\t\t\t<\/div>\n\t\t\t\t<\/div>\n\t\t\t\t<\/div>","protected":false},"excerpt":{"rendered":"<p>BADACSONYI BOROK, HANGULATOS SZOB\u00c1K, KELLEMES K\u00d6RNYEZETAj\u00e1nlatk\u00e9r\u00e9sVAR\u00c1ZSLATOS ESK\u00dcV\u0150 A BADACSONY-HEGY L\u00c1B\u00c1N\u00c1LAj\u00e1nlatk\u00e9r\u00e9sK\u00c9NYEZTET\u0150 AJ\u00c1NLATOK MINDEN KOROSZT\u00c1LYNAK!Foglal\u00e1s Hotel Hal\u00e1szkert Badacsony 2014-ben ny\u00edlt, csal\u00e1dias hangulat\u00fa Hotel 45 szob\u00e1val rendelkezik 100 f\u0151 f\u00e9r\u0151hellyel. Szob\u00e1ink egy r\u00e9sze Balatonra, illetve Badacsony-hegyre n\u00e9z\u0151 panor\u00e1m\u00e1s, mindegyike l\u00e9gkondicion\u00e1lt, LCD Tv-vel, telefonnal, h\u0171t\u0151vel, internettel rendelkezik. Kisgyermekes csal\u00e1dok r\u00e9sz\u00e9re ig\u00e9ny szerint biztos\u00edtunk baba\u00e1gyat, etet\u0151sz\u00e9ket, f\u00fcrdet\u0151k\u00e1dat. Wellness-r\u00e9szleg\u00fcnk\u00f6n a vend\u00e9gek [&hellip;]<\/p>","protected":false},"author":1,"featured_media":0,"parent":0,"menu_order":0,"comment_status":"closed","ping_status":"closed","template":"","meta":{"footnotes":""},"class_list":["post-13","page","type-page","status-publish","hentry"],"_links":{"self":[{"href":"https:\/\/hotelhalaszkert.hu\/en\/wp-json\/wp\/v2\/pages\/13","targetHints":{"allow":["GET"]}}],"collection":[{"href":"https:\/\/hotelhalaszkert.hu\/en\/wp-json\/wp\/v2\/pages"}],"about":[{"href":"https:\/\/hotelhalaszkert.hu\/en\/wp-json\/wp\/v2\/types\/page"}],"author":[{"embeddable":true,"href":"https:\/\/hotelhalaszkert.hu\/en\/wp-json\/wp\/v2\/users\/1"}],"replies":[{"embeddable":true,"href":"https:\/\/hotelhalaszkert.hu\/en\/wp-json\/wp\/v2\/comments?post=13"}],"version-history":[{"count":247,"href":"https:\/\/hotelhalaszkert.hu\/en\/wp-json\/wp\/v2\/pages\/13\/revisions"}],"predecessor-version":[{"id":602,"href":"https:\/\/hotelhalaszkert.hu\/en\/wp-json\/wp\/v2\/pages\/13\/revisions\/602"}],"wp:attachment":[{"href":"https:\/\/hotelhalaszkert.hu\/en\/wp-json\/wp\/v2\/media?parent=13"}],"curies":[{"name":"wp","href":"https:\/\/api.w.org\/{rel}","templated":true}]}}