{"id":25,"date":"2025-02-10T17:22:32","date_gmt":"2025-02-10T16:22:32","guid":{"rendered":"https:\/\/hotelhalaszkert.fatfoxcreative.hu\/?page_id=25"},"modified":"2025-02-19T15:48:15","modified_gmt":"2025-02-19T14:48:15","slug":"konferencia","status":"publish","type":"page","link":"https:\/\/hotelhalaszkert.hu\/en\/konferencia\/","title":{"rendered":"Conference"},"content":{"rendered":"<div data-elementor-type=\"wp-page\" data-elementor-id=\"25\" class=\"elementor elementor-25\" data-elementor-post-type=\"page\">\n\t\t\t\t<div class=\"elementor-element elementor-element-41a3e62 e-flex e-con-boxed e-con e-parent\" data-id=\"41a3e62\" data-element_type=\"container\">\n\t\t\t\t\t<div class=\"e-con-inner\">\n\t\t\t\t<div class=\"elementor-element elementor-element-62a9c3d elementor-widget elementor-widget-heading\" data-id=\"62a9c3d\" data-element_type=\"widget\" data-widget_type=\"heading.default\">\n\t\t\t\t<div class=\"elementor-widget-container\">\n\t\t\t\t\t<h2 class=\"elementor-heading-title elementor-size-default\">Conference room<\/h2>\t\t\t\t<\/div>\n\t\t\t\t<\/div>\n\t\t\t\t<div class=\"elementor-element elementor-element-478c851 elementor-widget elementor-widget-heading\" data-id=\"478c851\" data-element_type=\"widget\" data-widget_type=\"heading.default\">\n\t\t\t\t<div class=\"elementor-widget-container\">\n\t\t\t\t\t<h3 class=\"elementor-heading-title elementor-size-default\">Equipment of our conference room:<\/h3>\t\t\t\t<\/div>\n\t\t\t\t<\/div>\n\t\t\t\t<div class=\"elementor-element elementor-element-e10f5a5 elementor-widget elementor-widget-text-editor\" data-id=\"e10f5a5\" data-element_type=\"widget\" data-widget_type=\"text-editor.default\">\n\t\t\t\t<div class=\"elementor-widget-container\">\n\t\t\t\t\t\t\t\t\tAir-conditioning, artificial light only, WIFI, LED projector, large projector screen, flip chart boards, portable sound system, large screen LED TV <br>flip chart t\u00e1bl\u00e1k, mobil hangos\u00edt\u00e1s, nagy k\u00e9perny\u0151s LED TV\t\t\t\t\t\t\t\t<\/div>\n\t\t\t\t<\/div>\n\t\t\t\t<div class=\"elementor-element elementor-element-855e71e elementor-widget elementor-widget-text-editor\" data-id=\"855e71e\" data-element_type=\"widget\" data-widget_type=\"text-editor.default\">\n\t\t\t\t<div class=\"elementor-widget-container\">\n\t\t\t\t\t\t\t\t\t<p><strong>Room capacity is approx. 30 people.<\/strong><\/p>\t\t\t\t\t\t\t\t<\/div>\n\t\t\t\t<\/div>\n\t\t\t\t<div class=\"elementor-element elementor-element-e0aaed8 elementor-widget elementor-widget-text-editor\" data-id=\"e0aaed8\" data-element_type=\"widget\" data-widget_type=\"text-editor.default\">\n\t\t\t\t<div class=\"elementor-widget-container\">\n\t\t\t\t\t\t\t\t\t<p>For training and conferences held for 30-80 people we recommend the restaurant's additional room with the same equipment.<\/p><p>Opening the whole restaurant is suitable for up to 200 people. Preparation and meals can be requested in an individual package offer.<\/p>\t\t\t\t\t\t\t\t<\/div>\n\t\t\t\t<\/div>\n\t\t\t\t\t<\/div>\n\t\t\t\t<\/div>\n\t\t<div class=\"elementor-element elementor-element-339164f e-flex e-con-boxed e-con e-parent\" data-id=\"339164f\" data-element_type=\"container\">\n\t\t\t\t\t<div class=\"e-con-inner\">\n\t\t\t\t<div class=\"elementor-element elementor-element-53d0e81 elementor-widget elementor-widget-gallery\" data-id=\"53d0e81\" data-element_type=\"widget\" data-settings=\"{&quot;lazyload&quot;:&quot;yes&quot;,&quot;gallery_layout&quot;:&quot;grid&quot;,&quot;columns&quot;:4,&quot;columns_tablet&quot;:2,&quot;columns_mobile&quot;:1,&quot;gap&quot;:{&quot;unit&quot;:&quot;px&quot;,&quot;size&quot;:10,&quot;sizes&quot;:[]},&quot;gap_tablet&quot;:{&quot;unit&quot;:&quot;px&quot;,&quot;size&quot;:10,&quot;sizes&quot;:[]},&quot;gap_mobile&quot;:{&quot;unit&quot;:&quot;px&quot;,&quot;size&quot;:10,&quot;sizes&quot;:[]},&quot;link_to&quot;:&quot;file&quot;,&quot;aspect_ratio&quot;:&quot;3:2&quot;,&quot;overlay_background&quot;:&quot;yes&quot;,&quot;content_hover_animation&quot;:&quot;fade-in&quot;}\" data-widget_type=\"gallery.default\">\n\t\t\t\t<div class=\"elementor-widget-container\">\n\t\t\t\t\t\t\t<div class=\"elementor-gallery__container\">\n\t\t\t\t\t\t\t<a class=\"e-gallery-item elementor-gallery-item elementor-animated-content\" href=\"https:\/\/hotelhalaszkert.hu\/wp-content\/uploads\/2025\/02\/konferenci1.jpg\" data-elementor-open-lightbox=\"yes\" data-elementor-lightbox-slideshow=\"53d0e81\" data-elementor-lightbox-title=\"konferenci1\" data-e-action-hash=\"#elementor-action%3Aaction%3Dlightbox%26settings%3DeyJpZCI6MzU0LCJ1cmwiOiJodHRwczpcL1wvaG90ZWxoYWxhc3prZXJ0Lmh1XC93cC1jb250ZW50XC91cGxvYWRzXC8yMDI1XC8wMlwva29uZmVyZW5jaTEuanBnIiwic2xpZGVzaG93IjoiNTNkMGU4MSJ9\">\n\t\t\t\t\t<div class=\"e-gallery-image elementor-gallery-item__image\" data-thumbnail=\"https:\/\/hotelhalaszkert.hu\/wp-content\/uploads\/2025\/02\/konferenci1-300x162.jpg\" data-width=\"300\" data-height=\"162\" aria-label=\"\" role=\"img\" ><\/div>\n\t\t\t\t\t\t\t\t\t\t\t<div class=\"elementor-gallery-item__overlay\"><\/div>\n\t\t\t\t\t\t\t\t\t\t\t\t\t\t<\/a>\n\t\t\t\t\t\t\t<a class=\"e-gallery-item elementor-gallery-item elementor-animated-content\" href=\"https:\/\/hotelhalaszkert.hu\/wp-content\/uploads\/2025\/02\/konferencia2.jpg\" data-elementor-open-lightbox=\"yes\" data-elementor-lightbox-slideshow=\"53d0e81\" data-elementor-lightbox-title=\"konferencia2\" data-e-action-hash=\"#elementor-action%3Aaction%3Dlightbox%26settings%3DeyJpZCI6MzU1LCJ1cmwiOiJodHRwczpcL1wvaG90ZWxoYWxhc3prZXJ0Lmh1XC93cC1jb250ZW50XC91cGxvYWRzXC8yMDI1XC8wMlwva29uZmVyZW5jaWEyLmpwZyIsInNsaWRlc2hvdyI6IjUzZDBlODEifQ%3D%3D\">\n\t\t\t\t\t<div class=\"e-gallery-image elementor-gallery-item__image\" data-thumbnail=\"https:\/\/hotelhalaszkert.hu\/wp-content\/uploads\/2025\/02\/konferencia2-225x300.jpg\" data-width=\"225\" data-height=\"300\" aria-label=\"\" role=\"img\" ><\/div>\n\t\t\t\t\t\t\t\t\t\t\t<div class=\"elementor-gallery-item__overlay\"><\/div>\n\t\t\t\t\t\t\t\t\t\t\t\t\t\t<\/a>\n\t\t\t\t\t\t\t<a class=\"e-gallery-item elementor-gallery-item elementor-animated-content\" href=\"https:\/\/hotelhalaszkert.hu\/wp-content\/uploads\/2025\/02\/konferencia3.jpg\" data-elementor-open-lightbox=\"yes\" data-elementor-lightbox-slideshow=\"53d0e81\" data-elementor-lightbox-title=\"konferencia3\" data-e-action-hash=\"#elementor-action%3Aaction%3Dlightbox%26settings%3DeyJpZCI6MzU2LCJ1cmwiOiJodHRwczpcL1wvaG90ZWxoYWxhc3prZXJ0Lmh1XC93cC1jb250ZW50XC91cGxvYWRzXC8yMDI1XC8wMlwva29uZmVyZW5jaWEzLmpwZyIsInNsaWRlc2hvdyI6IjUzZDBlODEifQ%3D%3D\">\n\t\t\t\t\t<div class=\"e-gallery-image elementor-gallery-item__image\" data-thumbnail=\"https:\/\/hotelhalaszkert.hu\/wp-content\/uploads\/2025\/02\/konferencia3-300x225.jpg\" data-width=\"300\" data-height=\"225\" aria-label=\"\" role=\"img\" ><\/div>\n\t\t\t\t\t\t\t\t\t\t\t<div class=\"elementor-gallery-item__overlay\"><\/div>\n\t\t\t\t\t\t\t\t\t\t\t\t\t\t<\/a>\n\t\t\t\t\t\t\t<a class=\"e-gallery-item elementor-gallery-item elementor-animated-content\" href=\"https:\/\/hotelhalaszkert.hu\/wp-content\/uploads\/2025\/02\/konferencia5.jpg\" data-elementor-open-lightbox=\"yes\" data-elementor-lightbox-slideshow=\"53d0e81\" data-elementor-lightbox-title=\"konferencia5\" data-e-action-hash=\"#elementor-action%3Aaction%3Dlightbox%26settings%3DeyJpZCI6MzU3LCJ1cmwiOiJodHRwczpcL1wvaG90ZWxoYWxhc3prZXJ0Lmh1XC93cC1jb250ZW50XC91cGxvYWRzXC8yMDI1XC8wMlwva29uZmVyZW5jaWE1LmpwZyIsInNsaWRlc2hvdyI6IjUzZDBlODEifQ%3D%3D\">\n\t\t\t\t\t<div class=\"e-gallery-image elementor-gallery-item__image\" data-thumbnail=\"https:\/\/hotelhalaszkert.hu\/wp-content\/uploads\/2025\/02\/konferencia5-300x225.jpg\" data-width=\"300\" data-height=\"225\" aria-label=\"\" role=\"img\" ><\/div>\n\t\t\t\t\t\t\t\t\t\t\t<div class=\"elementor-gallery-item__overlay\"><\/div>\n\t\t\t\t\t\t\t\t\t\t\t\t\t\t<\/a>\n\t\t\t\t\t<\/div>\n\t\t\t\t\t<\/div>\n\t\t\t\t<\/div>\n\t\t\t\t\t<\/div>\n\t\t\t\t<\/div>\n\t\t\t\t<\/div>","protected":false},"excerpt":{"rendered":"<p>Konferenciaterem Konferenciaterm\u00fcnk felszerelts\u00e9ge: Klimatiz\u00e1lt, kiz\u00e1r\u00f3lag mesters\u00e9ges f\u00e9ny, WIFI, LED projektor, nagy m\u00e9ret\u0171 vet\u00edt\u0151v\u00e1szon, flip chart t\u00e1bl\u00e1k, mobil hangos\u00edt\u00e1s, nagy k\u00e9perny\u0151s LED TV A terem kapacit\u00e1sa kb. 30 f\u0151. 30 f\u0151 felett 80 f\u0151ig ugyanezzel a felszerelts\u00e9ggel az \u00e9tterem k\u00fcl\u00f6nterm\u00e9t aj\u00e1nljuk tr\u00e9ningre, konferenci\u00e1ra. 200 f\u0151ig pedig az eg\u00e9sz \u00e9ttermet egybenyitva. Bek\u00e9sz\u00edt\u00e9s, \u00e9tkez\u00e9sek k\u00e9rhet\u0151ek egyedi csomagaj\u00e1nlatban.<\/p>","protected":false},"author":1,"featured_media":0,"parent":0,"menu_order":0,"comment_status":"closed","ping_status":"closed","template":"","meta":{"footnotes":""},"class_list":["post-25","page","type-page","status-publish","hentry"],"_links":{"self":[{"href":"https:\/\/hotelhalaszkert.hu\/en\/wp-json\/wp\/v2\/pages\/25","targetHints":{"allow":["GET"]}}],"collection":[{"href":"https:\/\/hotelhalaszkert.hu\/en\/wp-json\/wp\/v2\/pages"}],"about":[{"href":"https:\/\/hotelhalaszkert.hu\/en\/wp-json\/wp\/v2\/types\/page"}],"author":[{"embeddable":true,"href":"https:\/\/hotelhalaszkert.hu\/en\/wp-json\/wp\/v2\/users\/1"}],"replies":[{"embeddable":true,"href":"https:\/\/hotelhalaszkert.hu\/en\/wp-json\/wp\/v2\/comments?post=25"}],"version-history":[{"count":13,"href":"https:\/\/hotelhalaszkert.hu\/en\/wp-json\/wp\/v2\/pages\/25\/revisions"}],"predecessor-version":[{"id":471,"href":"https:\/\/hotelhalaszkert.hu\/en\/wp-json\/wp\/v2\/pages\/25\/revisions\/471"}],"wp:attachment":[{"href":"https:\/\/hotelhalaszkert.hu\/en\/wp-json\/wp\/v2\/media?parent=25"}],"curies":[{"name":"wp","href":"https:\/\/api.w.org\/{rel}","templated":true}]}}