{"id":3,"date":"2025-02-04T12:15:23","date_gmt":"2025-02-04T11:15:23","guid":{"rendered":"http:\/\/hotelhalaszkert.fatfoxcreative.hu\/?page_id=3"},"modified":"2025-02-19T16:29:44","modified_gmt":"2025-02-19T15:29:44","slug":"adatkezelesi-tajekoztato","status":"publish","type":"page","link":"https:\/\/hotelhalaszkert.hu\/en\/adatkezelesi-tajekoztato\/","title":{"rendered":"Privacy Policy"},"content":{"rendered":"<div data-elementor-type=\"wp-page\" data-elementor-id=\"3\" class=\"elementor elementor-3\" data-elementor-post-type=\"page\">\n\t\t\t\t<div class=\"elementor-element elementor-element-ab93d36 e-flex e-con-boxed e-con e-parent\" data-id=\"ab93d36\" data-element_type=\"container\">\n\t\t\t\t\t<div class=\"e-con-inner\">\n\t\t\t\t<div class=\"elementor-element elementor-element-2ed04fe2 elementor-widget elementor-widget-text-editor\" data-id=\"2ed04fe2\" data-element_type=\"widget\" data-widget_type=\"text-editor.default\">\n\t\t\t\t<div class=\"elementor-widget-container\">\n\t\t\t\t\t\t\t\t\t\n<div class=\"g-article-header\">\n<div class=\"page-header\">\n<h2 class=\"wp-block-heading\">Privacy Policy<\/h2>\n<\/div>\n<\/div>\n<div>\n<p><b>Jelen honlap haszn\u00e1latakor \u00d6n elfogadja az al\u00e1bbi felt\u00e9teleket, f\u00fcggetlen\u00fcl att\u00f3l, hogy azokat elolvasta-e vagy sem.<\/b><\/p>\n<p>A haszn\u00e1lati felt\u00e9telek nem ismerete nem mentes\u00edt senkit a felel\u0151ss\u00e9g al\u00f3l, nem lehet semmilyen hivatkoz\u00e1s alapja, ha azokat megszegte \u00e9s ebb\u0151l kifoly\u00f3lag jelen weboldalnak \u00e9s\/vagy \u00fczemeltet\u0151j\u00e9nek b\u00e1rmilyen term\u00e9szet\u0171 k\u00e1ra, vagy h\u00e1tr\u00e1nya keletkezik. Ebben az esetben az \u00fcgy jogi \u00faton ker\u00fcl rendez\u00e9sre.<\/p>\n<h2>Felhaszn\u00e1l\u00e1si felt\u00e9telek<\/h2>\n<p>A honlapon tal\u00e1lhat\u00f3 adatok\u00e9rt, illetve inform\u00e1ci\u00f3k\u00e9rt, valamint azok felhaszn\u00e1l\u00e1s\u00e1b\u00f3l ered\u0151 esetleges k\u00e1rok\u00e9rt \u00e9s h\u00e1tr\u00e1nyok\u00e9rt semmilyen felel\u0151ss\u00e9get nem v\u00e1llalunk.<\/p>\n<p>\u00d6r\u00fcl\u00fcnk annak \u00e9s megtiszteltet\u00e9s sz\u00e1munkra, ha b\u00e1rki saj\u00e1t weboldal\u00e1n a weboldalunkra mutat\u00f3 internetes hivatkoz\u00e1st helyez el. Az \u00fczemeltet\u0151 \u00edr\u00e1sbeli enged\u00e9lye n\u00e9lk\u00fcl tilos azonban jelen weboldal oldalait, vagy annak r\u00e9sz\u00e9t m\u00e1s webhelyekre beilleszteni, mintegy saj\u00e1t oldalk\u00e9nt felt\u00fcntetve azt. Elhat\u00e1rol\u00f3dunk azokt\u00f3l az esetekt\u0151l, amikor jelen weboldal b\u00e1rmely fel\u00fclet\u00e9re mutat\u00f3 internetes hivatkoz\u00e1sokat t\u00f6rv\u00e9nytelen\u00fcl m\u0171k\u00f6dtetett, obszc\u00e9n tartalm\u00fa, illetve m\u00e1sokat s\u00e9rt\u0151 internetes oldalakon helyezik el, \u00e9s ezzel \u00e1rt vagy \u00e1rthat jelen weboldal h\u00edrnev\u00e9nek \u00e9s \u00e9rdekeinek. Az \u00fczemeltet\u0151 minden ilyen eset ellen fell\u00e9p.<\/p>\n<h2>Adatv\u00e9delmi \u00e9s Adatkezel\u00e9si szab\u00e1lyzat<\/h2>\n<p>A\u00a0<b>hotelhalaszkert.hu<\/b>\u00a0\u00fczemeltet\u0151je ez\u00faton t\u00e1j\u00e9koztatja a honlap l\u00e1togat\u00f3it a szem\u00e9lyes adatok kezel\u00e9se k\u00f6r\u00e9ben k\u00f6vetett gyakorlat\u00e1r\u00f3l, az adatok v\u00e9delme \u00e9rdek\u00e9ben megtett szervez\u00e9si \u00e9s technikai int\u00e9zked\u00e9seir\u0151l, valamint a l\u00e1togat\u00f3k ezzel kapcsolatos jogair\u00f3l, \u00e9s azok \u00e9rv\u00e9nyes\u00edt\u00e9s\u00e9nek lehet\u0151s\u00e9geir\u0151l.<\/p>\n<ol>\n<li><strong>Az adatkezel\u0151 neve:<\/strong><br \/>B1237 Ingatlanforgalmazo\u0301 Kft. (a tov\u00e1bbiakban: Szolg\u00e1ltat\u00f3) (ad\u00f3sz\u00e1m: 14061613-2-19, c\u00e9gjegyz\u00e9ksz\u00e1m: 19 09 512560)<\/li>\n<li><strong>Az adatkezel\u0151 c\u00edme:<\/strong><br \/>8261 Badacsonytomaj, Park utca 22.<\/li>\n<li><strong>El\u00e9rhet\u0151s\u00e9g:<\/strong><br \/><span id=\"cloak5fbaa380ed737ecd422ca84eefa1b16b\"><a href=\"mailto:hello@hotelhalaszkert.hu\">hello@hotelhalaszkert.hu<\/a><\/span><\/li>\n<li><strong>Adatkezel\u00e9si nyilv\u00e1ntart\u00e1si azonos\u00edt\u00f3ja:<\/strong><br \/><a href=\"https:\/\/hotelbonvino.hu\/wp-content\/uploads\/hotelbonvino-naih-hatarozat.pdf\" target=\"_blank\" rel=\"noopener noreferrer\">NAIH-125257\/2017.<\/a><\/li>\n<li><strong>Az adatkezel\u00e9s megnevez\u00e9se:<\/strong><br \/>Adatkezel\u00e9s a felhaszn\u00e1lok \u00f6nk\u00e9ntes, t\u00e1j\u00e9kozott, \u00e9s hat\u00e1rozott hozz\u00e1j\u00e1rul\u00e1sa alapj\u00e1n, az internetes honlapon regisztr\u00e1lt felhaszn\u00e1l\u00f3k eset\u00e9ben.<\/li>\n<li><strong>Az adatkezel\u00e9s jogalapja:<\/strong><br \/>Az inform\u00e1ci\u00f3s \u00f6nrendelkez\u00e9si jogr\u00f3l \u00e9s az inform\u00e1ci\u00f3szabads\u00e1gr\u00f3l sz\u00f3l\u00f3 2011. \u00e9vi CXII. t\u00f6rv\u00e9ny 5.\u00a7-a alapj\u00e1n az \u00e9rintett \u00f6nk\u00e9ntes hozz\u00e1j\u00e1rul\u00e1sa.<\/li>\n<li><strong>A kezelt adatok k\u00f6re:<\/strong>\n<ol type=\"A\">\n<li><u>Aj\u00e1nlatk\u00e9r\u00e9skor \/ Szobafoglal\u00e1skor \/ Kapcsolatfelv\u00e9telkor megadott adatok:<\/u><br \/>A felhaszn\u00e1l\u00f3 \u00e1ltal az aj\u00e1nlatk\u00e9r\u00e9skor, szobafoglal\u00e1skor illetve kapcsolatfelv\u00e9telkor megadott szem\u00e9lyes adatokat harmadik f\u00e9lnek nem adjuk ki. A felhaszn\u00e1l\u00f3 \u00e1ltal az aj\u00e1nlatk\u00e9r\u00e9s \/ szobafoglal\u00e1s \/ kapcsolatfelv\u00e9tel sor\u00e1n k\u00f6telez\u0151en megadott adatok:\u00a0<i>N\u00e9v, c\u00e9gn\u00e9v, telefonsz\u00e1m, e-mail c\u00edm.<\/i><\/li>\n<li><u>H\u00edrlev\u00e9lre feliratkoz\u00e1skor megadott adatok:<\/u><br \/>Amikor a felhaszn\u00e1l\u00f3 feliratkozik a h\u00edrlev\u00e9lre, t\u00e1rol\u00e1sra ker\u00fcl a felhaszn\u00e1l\u00f3 \u00e1ltal megadott n\u00e9v, \u00e9s e-mail c\u00edm azzal a c\u00e9llal, hogy kik\u00fcldj\u00fck neki a h\u00edrlevelet. Az adatok t\u00e1rol\u00e1s\u00e1ra \u00e9s a h\u00edrlevelek kik\u00fcld\u00e9s\u00e9re saj\u00e1t h\u00edrlev\u00e9lk\u00fcld\u0151t haszn\u00e1ljuk. A t\u00e1rolt adatokat harmadik f\u00e9lnek nem adjuk ki. A felhaszn\u00e1l\u00f3 \u00e1ltal a h\u00edrlev\u00e9l feliratkoz\u00e1skor k\u00f6telez\u0151en megadott adatok:\u00a0<i>N\u00e9v, e-mail c\u00edm.<\/i><\/li>\n<li><u>Weboldal bejelentkez\u00e9s n\u00e9lk\u00fcli haszn\u00e1lata:<\/u><br \/>A honlap haszn\u00e1lata sor\u00e1n r\u00f6gz\u00edt\u00e9sre ker\u00fcl a felhaszn\u00e1l\u00f3 sz\u00e1m\u00edt\u00f3g\u00e9p\u00e9nek IP-c\u00edme, a l\u00e1togat\u00e1s kezd\u0151 \u00e9s befejez\u0151 id\u0151pontja, illetve egyes esetekben \u2014 a felhaszn\u00e1l\u00f3 sz\u00e1m\u00edt\u00f3g\u00e9p\u00e9nek be\u00e1ll\u00edt\u00e1s\u00e1t\u00f3l f\u00fcgg\u0151en \u2014 a b\u00f6ng\u00e9sz\u0151 \u00e9s az oper\u00e1ci\u00f3s rendszer t\u00edpusa. Ezen adatokat a rendszer automatikusan napl\u00f3zza. A Szolg\u00e1ltat\u00f3 a napl\u00f3f\u00e1jlban tal\u00e1lhat\u00f3 adatokat nem kapcsolja \u00f6ssze egy\u00e9b szem\u00e9lyes adatokkal.<\/li>\n<\/ol>\n<\/li>\n<li><strong>Az adatkezel\u00e9s c\u00e9lja:<\/strong>\n<ol type=\"A\">\n<li><u>Aj\u00e1nlatk\u00e9r\u00e9s \/ Szobafoglal\u00e1s \/ Kapcsolatfelv\u00e9tel:<\/u><br \/>Aj\u00e1nlatk\u00e9r\u00e9s, szobafoglal\u00e1s vagy kapcsolatfelv\u00e9tel eset\u00e9n a felhaszn\u00e1l\u00f3 \u00e1ltal megadott adatok eset\u00e9ben az adatok kezel\u00e9s\u00e9nek c\u00e9lja a felhaszn\u00e1l\u00f3 azonos\u00edt\u00e1sa, majd e-mailben vagy telefonon t\u00f6rt\u00e9n\u0151 t\u00e1j\u00e9koztat\u00e1sa csak \u00e9s kiz\u00e1r\u00f3lag az adott aj\u00e1nlatk\u00e9r\u00e9s, szobafoglal\u00e1s vagy kapcsolatfelv\u00e9tel kapcs\u00e1n. A felhaszn\u00e1l\u00f3 ezen adatkezel\u00e9shez val\u00f3 hozz\u00e1j\u00e1rul\u00e1s\u00e1t az \u201cAj\u00e1nlatk\u00e9r\u00e9s\u201d, \u201eSzobafoglal\u00e1s\u201d vagy \u201cKapcsolat\u201d internetes \u0171rlap kit\u00f6lt\u00e9s\u00e9vel \u00e9s elk\u00fcld\u00e9s\u00e9vel adja meg.<\/li>\n<li><u>H\u00edrlev\u00e9l:<\/u><br \/>H\u00edrlev\u00e9lre t\u00f6rt\u00e9n\u0151 regisztr\u00e1ci\u00f3 eset\u00e9n a felhaszn\u00e1l\u00f3 \u00e1ltal megadott adatok eset\u00e9ben az adatok kezel\u00e9s\u00e9nek c\u00e9lja az felhaszn\u00e1l\u00f3 azonos\u00edt\u00e1sa h\u00edrlev\u00e9lk\u00fcld\u00e9s c\u00e9lj\u00e1b\u00f3l. A h\u00edrlev\u00e9lre regisztr\u00e1lt felhaszn\u00e1l\u00f3k sz\u00e1m\u00e1ra a Szolg\u00e1ltat\u00f3 h\u00edrlevelet k\u00fcld ki. Az adatok ilyen c\u00e9l\u00fa felhaszn\u00e1l\u00e1s\u00e1t a felhaszn\u00e1l\u00f3 \u2013 leiratkoz\u00e1ssal \u2013 megtilthatja. Amennyiben nem tart ig\u00e9nyt a h\u00edrlev\u00e9lre, a felhaszn\u00e1l\u00f3 t\u00f6r\u00f6lheti mag\u00e1t a h\u00edrlev\u00e9l-k\u00fcld\u0151 adatb\u00e1zisb\u00f3l a kik\u00fcld\u00f6tt h\u00edrlevek v\u00e9g\u00e9n tal\u00e1lhat\u00f3 \u201eLeiratkoz\u00e1s\u201d hivatkoz\u00e1sra kattintva. Term\u00e9szetesen egyedi k\u00e9r\u00e9s eset\u00e9n is t\u00f6r\u00f6lj\u00fck a felhaszn\u00e1l\u00f3t a h\u00edrlev\u00e9l adatb\u00e1zisb\u00f3l, mely k\u00e9r\u00e9st a\u00a0<span id=\"cloak1ad570e5cd90ce547197539db24ae389\"><a href=\"mailto:hello@hotelhalaszkert.hu\">hello@hotelhalaszkert.hu<\/a><\/span>\u00a0email c\u00edmen jelenthetik be.<\/li>\n<li><u>\u201eCookie\u201d-k:<\/u><br \/>Jelen weboldal haszn\u00e1lata sor\u00e1n a felhaszn\u00e1l\u00f3 sz\u00e1m\u00edt\u00f3g\u00e9p\u00e9nek egyes param\u00e9tereir\u0151l, illetve annak IP c\u00edm\u00e9r\u0151l napl\u00f3file k\u00e9sz\u00fcl. Ezeket az adatokat az \u00fczemeltet\u0151 kiz\u00e1r\u00f3lag a weboldal fejleszt\u00e9se \u00e9rdek\u00e9ben haszn\u00e1lja fel.<br \/>Jelen weboldal, illetve annak egyes alkalmaz\u00e1sai kis sz\u00f6veges inform\u00e1ci\u00f3s f\u00e1jlokat, \u00fan. \u201ecookie\u201d-kat haszn\u00e1lnak, amelyek a felhaszn\u00e1l\u00f3k azonos\u00edt\u00e1s\u00e1nak \u00e9s tov\u00e1bbi l\u00e1togat\u00e1s\u00e1nak megk\u00f6nny\u00edt\u00e9se \u00e9rdek\u00e9ben a l\u00e1togat\u00f3k merevlemez\u00e9n t\u00e1rol\u00f3dnak. A weboldal felhaszn\u00e1l\u00f3ja meghat\u00e1rozhatja, hogy k\u00edv\u00e1nja-e fogadni a cookie-kat vagy sem, illetve kapjon-e \u00e9rtes\u00edt\u00e9st arr\u00f3l, ha a megtekintett oldal cookie-t k\u00fcld sz\u00e1m\u00e1ra. Amennyiben \u00d6n sz\u00e1m\u00edt\u00f3g\u00e9p\u00e9nek b\u00f6ng\u00e9sz\u0151j\u00e9ben enged\u00e9lyezi a cookie-k haszn\u00e1lat\u00e1t, \u00fagy hozz\u00e1j\u00e1rul ahhoz, hogy az \u00edgy k\u00f6zvet\u00edtett inform\u00e1ci\u00f3t jelen weboldal \u00fczemeltet\u0151je a m\u0171k\u00f6dtet\u00e9s c\u00e9lj\u00e1b\u00f3l felhaszn\u00e1lja. Ne feledje, amennyiben \u00d6n nem enged\u00e9lyezi a cookie-k fogad\u00e1s\u00e1t, abban az esetben a weboldal egyes szolg\u00e1ltat\u00e1sai nem vagy korl\u00e1tozottan lesznek ig\u00e9nybe vehet\u0151ek.<\/li>\n<li><u>Google Analitika:<\/u><br \/>Jelen weboldal a Google, Inc. (\u201eGoogle\u201d) \u00e1ltal ny\u00fajtott Google Analitika webanalitikai szolg\u00e1ltat\u00e1st haszn\u00e1lja. A Google Analitika \u201es\u00fctiket\u201d (\u201ecookies\u201d), az \u00d6n sz\u00e1m\u00edt\u00f3g\u00e9p\u00e9n elhelyezett sz\u00f6vegf\u00e1jlokat haszn\u00e1l, melyek c\u00e9lja, hogy seg\u00edtse a weboldal haszn\u00e1lat\u00e1nak elemz\u00e9s\u00e9t. A \u201es\u00fcti\u201d \u00e1ltal gener\u00e1lt, a weboldal haszn\u00e1lat\u00e1ra vonatkoz\u00f3 inform\u00e1ci\u00f3kat (bele\u00e9rtve az \u00d6n IP-c\u00edm\u00e9t) a Google egyes\u00fclt \u00e1llamokbeli szervereire tov\u00e1bb\u00edtja \u00e9s ott t\u00e1rolja. A Google ezeket az inform\u00e1ci\u00f3kat a weboldal \u00d6n \u00e1ltal t\u00f6rt\u00e9n\u0151 haszn\u00e1lat\u00e1nak \u00e9rt\u00e9kel\u00e9s\u00e9re, a weboldalon v\u00e9grehajtott tev\u00e9kenys\u00e9gekr\u0151l sz\u00f3l\u00f3 riportoknak a weboldalak \u00fczemeltet\u0151i r\u00e9sz\u00e9re t\u00f6rt\u00e9n\u0151 \u00f6ssze\u00e1ll\u00edt\u00e1s\u00e1ra, valamint a weboldalon v\u00e9grehajtott tev\u00e9kenys\u00e9gekkel \u00e9s az internethaszn\u00e1lattal kapcsolatos egy\u00e9b szolg\u00e1ltat\u00e1sok ny\u00fajt\u00e1s\u00e1ra haszn\u00e1lja. A Google tov\u00e1bb\u00e1 \u00e1tadhatja ezeket az inform\u00e1ci\u00f3kat harmadik felek r\u00e9sz\u00e9re, amennyiben ezt t\u00f6rv\u00e9ny \u00edrja el\u0151, vagy az adott harmadik felek a Google megb\u00edz\u00e1s\u00e1b\u00f3l feldolgozz\u00e1k az inform\u00e1ci\u00f3kat. A Google nem t\u00e1rs\u00edtja az \u00d6n IP c\u00edm\u00e9t a Google birtok\u00e1ban l\u00e9v\u0151 egy\u00e9b adatokkal. B\u00f6ng\u00e9sz\u0151je megfelel\u0151 be\u00e1ll\u00edt\u00e1sainak kiv\u00e1laszt\u00e1s\u00e1val \u00d6n visszautas\u00edthatja a \u201es\u00fctik\u201d haszn\u00e1lat\u00e1t, azonban felh\u00edvjuk figyelm\u00e9t, hogy ez esetben \u00d6n nem fogja tudni kihaszn\u00e1lni jelen weboldal \u00f6sszes funkci\u00f3j\u00e1t. A jelen weboldal haszn\u00e1lat\u00e1val \u00d6n hozz\u00e1j\u00e1rul adatainak feldolgoz\u00e1s\u00e1hoz a fentiekben meghat\u00e1rozott m\u00f3don \u00e9s a fentiekben meghat\u00e1rozott c\u00e9lokra.<\/li>\n<li><u>Nyerem\u00e9nyj\u00e1t\u00e9k:<\/u><br \/>A weboldalon meghirdet\u00e9sre ker\u00fcl\u0151 nyerem\u00e9nyj\u00e1t\u00e9kokban val\u00f3 r\u00e9szv\u00e9telhez sz\u00fcks\u00e9ges adatok k\u00f6re megegyezik a h\u00edrlev\u00e9l feliratkoz\u00e1s sor\u00e1n megadott adatokkal. Szem\u00e9lyes adatok sz\u00fcks\u00e9gesek a nyertesek egy\u00e9rtelm\u0171 azonos\u00edt\u00e1s\u00e1hoz.<\/li>\n<li>Az adatkezel\u0151 a megjel\u00f6lt c\u00e9lokt\u00f3l elt\u00e9r\u0151 c\u00e9lra a szem\u00e9lyes adatokat nem haszn\u00e1lja azonban jogosult azokat az Adatkezel\u0151 \u00e1ltal kezelt m\u00e1s adatb\u00e1zisokkal \u00f6sszekapcsolni.<\/li>\n<\/ol>\n<\/li>\n<li><strong>Az adatkezel\u00e9s id\u0151tartama:<\/strong><br \/>A felhaszn\u00e1l\u00f3 \u00e1ltal \u00f6nk\u00e9ntesen megadott adatokat a Szolg\u00e1ltat\u00f3 addig jogosult kezelni, am\u00edg a Szolg\u00e1ltat\u00f3 \u00e1ltal biztos\u00edtott adatt\u00f6rl\u00e9si lehet\u0151s\u00e9ggel a felhaszn\u00e1l\u00f3 nem \u00e9l. (A felhaszn\u00e1l\u00f3 \u00f6nk\u00e9ntes d\u00f6nt\u00e9se alapj\u00e1n, t\u00f6rl\u00e9si ig\u00e9ny\u00e9nek be\u00e9rkez\u00e9s\u00e9t\u0151l sz\u00e1m\u00edtott 5 munkanapon bel\u00fcl a Szolg\u00e1ltat\u00f3 t\u00f6rli az adatokat. Amennyiben a felhaszn\u00e1l\u00f3 jogellenesen, megt\u00e9veszt\u0151en haszn\u00e1l szem\u00e9lyes adatot, vagy b\u0171ncselekm\u00e9nyt val\u00f3s\u00edt meg, akkor a felhaszn\u00e1l\u00e1si felt\u00e9telekben biztos\u00edtott m\u00f3don a Szolg\u00e1ltat\u00f3 a regisztr\u00e1ci\u00f3 t\u00f6rl\u00e9s\u00e9vel egyidej\u0171leg valamennyi szem\u00e9lyes adat\u00e1t a tudom\u00e1sszerz\u00e9ssel egyidej\u0171leg azonnal t\u00f6r\u00f6lheti).<\/li>\n<li><strong>A szem\u00e9lyes adatok t\u00f6rl\u00e9se:<\/strong><br \/>A felhaszn\u00e1l\u00f3 saj\u00e1t szem\u00e9lyes adatainak t\u00f6rl\u00e9si ig\u00e9ny\u00e9t e-mailben az\u00a0\u00a0<span id=\"cloak1f48e963cab34d8a61364e0c5711131a\"><a href=\"mailto:hello@hotelhalaszkert.hu\">hello@hotelhalaszkert.hu<\/a><\/span>\u00a0c\u00edmre kell eljuttatni. A Szolg\u00e1ltat\u00f3 a t\u00f6rl\u00e9si ig\u00e9ny be\u00e9rkez\u00e9s\u00e9t\u0151l sz\u00e1m\u00edtott 5 munkanapon bel\u00fcl t\u00f6rli az adatokat. T\u00f6rl\u00e9s eset\u00e9n a megjelen\u00edtett adatok nem \u00e1ll\u00edthat\u00f3ak helyre.<\/li>\n<li><strong>Adatfeldolgoz\u00f3k megnevez\u00e9se \u00e9s c\u00edmei:<\/strong><br \/>B1237 Ingatlanforgalmazo\u0301 Kft. (8261 Badacsonytomaj, Park utca 22.)<\/li>\n<li><strong>Adatfeldolgoz\u00e1s megnevez\u00e9se:<\/strong><br \/>Az adatkezel\u00e9si m\u0171veletekhez kapcsol\u00f3d\u00f3 technikai feladatok elv\u00e9gz\u00e9se.<\/li>\n<li><strong>Adatbiztons\u00e1gi int\u00e9zked\u00e9sek:<\/strong><br \/>A szem\u00e9lyes adatokat a Magyarorsz\u00e1g ter\u00fclet\u00e9n a 3 in 1 Hosting Bt. (2310 Szigetszentmikl\u00f3s, D\u00e9vai utca 10\/A) \u00fczemeltet\u00e9s\u00e9ben l\u00e9v\u0151 szerveren t\u00e1roljuk. A honlapon t\u00f6rt\u00e9n\u0151 regisztr\u00e1ci\u00f3 sor\u00e1n a felhaszn\u00e1l\u00f3 \u00e1ltal megadott valamennyi adatot a Szolg\u00e1ltat\u00f3 biztons\u00e1gos, elz\u00e1rt szerveren t\u00e1rolja.<br \/>A megadott adatokat az adatkezel\u00e9s, -feldolgoz\u00e1s sor\u00e1n kiz\u00e1r\u00f3lag egyedi, korl\u00e1tozott (\u201eadmin\u201d) hozz\u00e1f\u00e9r\u00e9ssel rendelkez\u0151, a Szolg\u00e1ltat\u00f3 alkalmaz\u00e1s\u00e1ban \u00e1ll\u00f3 fejleszt\u0151k, online szerkeszt\u0151k, projekt menedzserek ismerhetik meg. A Szolg\u00e1ltat\u00f3 ellen\u0151rzi, hogy mely alkalmazott mikor l\u00e9pett be az adatb\u00e1zisba, az \u00e9rintett alkalmazottak munk\u00e1jukat szigor\u00fa titoktart\u00e1si k\u00f6telezetts\u00e9g terhe mellett v\u00e9gzik.<\/li>\n<li><strong>Adattov\u00e1bb\u00edt\u00e1s:<\/strong><br \/>Szem\u00e9lyes adatokat a megjel\u00f6lteken k\u00edv\u00fcl harmadik szem\u00e9lyeknek az adatkezel\u0151 nem ad \u00e1t. Ez nem vonatkozik az esetleges, t\u00f6rv\u00e9nyben el\u0151\u00edrt, k\u00f6telez\u0151 adattov\u00e1bb\u00edt\u00e1sokra, amelyekre csak rendk\u00edv\u00fcli esetekben ker\u00fclhet sor. Az adatkezel\u0151 az egyes hat\u00f3s\u00e1gi adatk\u00e9r\u00e9sek teljes\u00edt\u00e9se el\u0151tt minden egyes adat tekintet\u00e9ben megvizsg\u00e1lja, hogy val\u00f3ban fenn\u00e1ll-e az adattov\u00e1bb\u00edt\u00e1s jogalapja.<\/li>\n<li><strong>Az adatkezel\u00e9si szab\u00e1lyzat m\u00f3dos\u00edt\u00e1s\u00e1nak lehet\u0151s\u00e9ge:<\/strong><br \/>A Szolg\u00e1ltat\u00f3 fenntartja a jogot, hogy jelen adatkezel\u00e9si szab\u00e1lyzatot a felhaszn\u00e1l\u00f3k el\u0151zetes \u00e9rtes\u00edt\u00e9se mellett egyoldal\u00faan m\u00f3dos\u00edtsa. \u00d6n a szolg\u00e1ltat\u00e1snak a m\u00f3dos\u00edt\u00e1s hat\u00e1lybal\u00e9p\u00e9s\u00e9t k\u00f6vet\u0151 haszn\u00e1lat\u00e1val elfogadja a m\u00f3dos\u00edtott adatkezel\u00e9si szab\u00e1lyzatot.<\/li>\n<li><strong>A felhaszn\u00e1l\u00f3k jogai szem\u00e9lyes adataik kezel\u00e9s\u00e9vel kapcsolatban:<\/strong><br \/>Szem\u00e9lyes adatai kezel\u00e9s\u00e9r\u0151l a felhaszn\u00e1l\u00f3k t\u00e1j\u00e9koztat\u00e1st k\u00e9rhetnek. Az adatkezel\u0151 k\u00e9r\u00e9sre t\u00e1j\u00e9koztat\u00e1st ad az \u00e9rintettnek az \u00e1ltala kezelt adatair\u00f3l, az adatkezel\u00e9s c\u00e9lj\u00e1r\u00f3l, jogalapj\u00e1r\u00f3l, id\u0151tartam\u00e1r\u00f3l, az adatfeldolgoz\u00f3 nev\u00e9r\u0151l, c\u00edm\u00e9r\u0151l (sz\u00e9khely\u00e9r\u0151l) \u00e9s az adatkezel\u00e9ssel \u00f6sszef\u00fcgg\u0151 tev\u00e9kenys\u00e9g\u00e9r\u0151l, tov\u00e1bb\u00e1 arr\u00f3l, hogy kik \u00e9s milyen c\u00e9lb\u00f3l kapj\u00e1k vagy kapt\u00e1k meg az adatokat. A t\u00e1j\u00e9koztat\u00e1s ir\u00e1nti k\u00e9relmet e-mailben az\u00a0\u00a0<span id=\"cloak5443a94baa7584cf1d3fd04994818c1f\"><a href=\"mailto:hello@hotelhalaszkert.hu\">hello@hotelhalaszkert.hu<\/a><\/span>\u00a0c\u00edmre kell eljuttatni, amire 8 munkanapon bel\u00fcl v\u00e1laszt kap az \u00e9rintett. A felhaszn\u00e1l\u00f3k k\u00e9rhetik adataik t\u00f6rl\u00e9s\u00e9t \u00e9s helyesb\u00edt\u00e9s\u00e9t, az adatkezel\u00e9s id\u0151tartama pont alatt meghat\u00e1rozottak szerint.<\/li>\n<li><strong>Jog\u00e9rv\u00e9nyes\u00edt\u00e9si lehet\u0151s\u00e9gek:<\/strong><br \/>A felhaszn\u00e1l\u00f3 jog\u00e9rv\u00e9nyes\u00edt\u00e9si lehet\u0151s\u00e9geit az inform\u00e1ci\u00f3s \u00f6nrendelkez\u00e9si jogr\u00f3l \u00e9s az inform\u00e1ci\u00f3szabads\u00e1gr\u00f3l sz\u00f3l\u00f3 2011. \u00e9vi CXII. t\u00f6rv\u00e9ny valamint a Ptk. alapj\u00e1n b\u00edr\u00f3s\u00e1g el\u0151tt gyakorolhatja, valamint k\u00e9rheti a Nemzeti Adatv\u00e9delmi \u00e9s Inform\u00e1ci\u00f3szabads\u00e1g Hat\u00f3s\u00e1g eln\u00f6ke seg\u00edts\u00e9g\u00e9t is (Nemzeti Adatv\u00e9delmi \u00e9s Inform\u00e1ci\u00f3szabads\u00e1g Hat\u00f3s\u00e1g, 1125 Budapest, Szil\u00e1gyi Erzs\u00e9bet fasor 22\/c. Postac\u00edm: 1534 Budapest, Pf.: 834.)<\/li>\n<\/ol>\n<p>\u00a0<\/p>\n<p>Tov\u00e1bbi k\u00e9rd\u00e9ssel, illetve \u00e9szrev\u00e9teleivel keresse az \u00fczemeltet\u0151 munkat\u00e1rsat az\u00a0\u00a0<span id=\"cloakbfbcb341eb8e0444c5660a5e113f1fdf\"><a href=\"mailto:hello@hotelhalaszkert.hu\">hello@hotelhalaszkert.hu<\/a><\/span>\u00a0.<br \/>Utolj\u00e1ra m\u00f3dos\u00edtva: 2017. j\u00falius 27.<\/p>\n<\/div>\t\t\t\t\t\t\t\t<\/div>\n\t\t\t\t<\/div>\n\t\t\t\t\t<\/div>\n\t\t\t\t<\/div>\n\t\t\t\t<\/div>","protected":false},"excerpt":{"rendered":"<p>Adatkezel\u00e9si t\u00e1j\u00e9koztat\u00f3 Jelen honlap haszn\u00e1latakor \u00d6n elfogadja az al\u00e1bbi felt\u00e9teleket, f\u00fcggetlen\u00fcl att\u00f3l, hogy azokat elolvasta-e vagy sem. A haszn\u00e1lati felt\u00e9telek nem ismerete nem mentes\u00edt senkit a felel\u0151ss\u00e9g al\u00f3l, nem lehet semmilyen hivatkoz\u00e1s alapja, ha azokat megszegte \u00e9s ebb\u0151l kifoly\u00f3lag jelen weboldalnak \u00e9s\/vagy \u00fczemeltet\u0151j\u00e9nek b\u00e1rmilyen term\u00e9szet\u0171 k\u00e1ra, vagy h\u00e1tr\u00e1nya keletkezik. Ebben az esetben az \u00fcgy jogi [&hellip;]<\/p>","protected":false},"author":1,"featured_media":0,"parent":0,"menu_order":0,"comment_status":"closed","ping_status":"open","template":"","meta":{"footnotes":""},"class_list":["post-3","page","type-page","status-publish","hentry"],"_links":{"self":[{"href":"https:\/\/hotelhalaszkert.hu\/en\/wp-json\/wp\/v2\/pages\/3","targetHints":{"allow":["GET"]}}],"collection":[{"href":"https:\/\/hotelhalaszkert.hu\/en\/wp-json\/wp\/v2\/pages"}],"about":[{"href":"https:\/\/hotelhalaszkert.hu\/en\/wp-json\/wp\/v2\/types\/page"}],"author":[{"embeddable":true,"href":"https:\/\/hotelhalaszkert.hu\/en\/wp-json\/wp\/v2\/users\/1"}],"replies":[{"embeddable":true,"href":"https:\/\/hotelhalaszkert.hu\/en\/wp-json\/wp\/v2\/comments?post=3"}],"version-history":[{"count":4,"href":"https:\/\/hotelhalaszkert.hu\/en\/wp-json\/wp\/v2\/pages\/3\/revisions"}],"predecessor-version":[{"id":519,"href":"https:\/\/hotelhalaszkert.hu\/en\/wp-json\/wp\/v2\/pages\/3\/revisions\/519"}],"wp:attachment":[{"href":"https:\/\/hotelhalaszkert.hu\/en\/wp-json\/wp\/v2\/media?parent=3"}],"curies":[{"name":"wp","href":"https:\/\/api.w.org\/{rel}","templated":true}]}}