{"id":65,"date":"2025-02-10T18:22:14","date_gmt":"2025-02-10T17:22:14","guid":{"rendered":"https:\/\/hotelhalaszkert.fatfoxcreative.hu\/?page_id=65"},"modified":"2025-02-19T16:31:37","modified_gmt":"2025-02-19T15:31:37","slug":"lemondasi-feltetelek","status":"publish","type":"page","link":"https:\/\/hotelhalaszkert.hu\/en\/lemondasi-feltetelek\/","title":{"rendered":"Cancellation policy"},"content":{"rendered":"<div data-elementor-type=\"wp-page\" data-elementor-id=\"65\" class=\"elementor elementor-65\" data-elementor-post-type=\"page\">\n\t\t\t\t<div class=\"elementor-element elementor-element-95a743e e-flex e-con-boxed e-con e-parent\" data-id=\"95a743e\" data-element_type=\"container\">\n\t\t\t\t\t<div class=\"e-con-inner\">\n\t\t\t\t<div class=\"elementor-element elementor-element-d269bba elementor-widget elementor-widget-heading\" data-id=\"d269bba\" data-element_type=\"widget\" data-widget_type=\"heading.default\">\n\t\t\t\t<div class=\"elementor-widget-container\">\n\t\t\t\t\t<h2 class=\"elementor-heading-title elementor-size-default\">Cancellation policy<\/h2>\t\t\t\t<\/div>\n\t\t\t\t<\/div>\n\t\t\t\t<div class=\"elementor-element elementor-element-d961b06 elementor-widget elementor-widget-text-editor\" data-id=\"d961b06\" data-element_type=\"widget\" data-widget_type=\"text-editor.default\">\n\t\t\t\t<div class=\"elementor-widget-container\">\n\t\t\t\t\t\t\t\t\t<p><strong><u>Payment and Cancellation Policy<\/u><\/strong><\/p><ul><li><strong>A 50% deposit\u00a0<\/strong>is required within 5 days of confirmation via bank transfer to the following HUF account:\u00a0<strong>B1237 Kft.,<\/strong>\u00a0MBH Bank, IBAN: 1030002-13262984-00014909,\u00a0<strong>(HUF)<\/strong>or via Sz\u00e9p Card (an advance invoice will be issued).<\/li><li>The remaining 50% must be paid by arrival via bank transfer or upon check-out at the reception using cash, credit card (Visa, Mastercard, Maestro), or Sz\u00e9p Card (Hotel Hal\u00e1szkert, Badacsonytomaj).<em>Hotel Hal\u00e1szkert, Badacsonytomaj<\/em>Alternatively, 100% prepayment is also accepted.<\/li><li>REFERENCE: BOOKING NAME, HOME ADDRESS OF THE ARRIVING\/BOOKING PERSON\n(After the transfer, please send the payment receipt to us via email!)<\/li><li><strong>We are unable to refund the value of services ordered but not used (e.g., breakfast\/dinner).<\/strong><\/li><li><strong>All cancellations or modifications must be submitted in writing to\u00a0<span id=\"cloakf67a1677c00dad0c347bed5a673591c9\"><a href=\"mailto:hello@hotelhalaszkert.hu\">hello@hotelhalaszkert.hu<\/a><\/span>\u00a0.<\/strong><\/li><li><strong>In case of cancellation before the arrival date:<\/strong><\/li><li><strong>Up to the 16th day before arrival: Free of charge.<\/strong><\/li><li><strong>Between the 15th and 4th day: 50% of the booking value will be charged as a penalty.<\/strong><\/li><li><strong>Between the 3rd and 0th day, in case of no-show, later arrival, or earlier departure: 100% of the booking value will be charged as a penalty.<\/strong><\/li><li><strong>The deposit paid by Sz\u00e9p Card cannot be refunded in case of cancellation; instead, a voucher will be issued according to the cancellation terms.<\/strong><\/li><\/ul>\t\t\t\t\t\t\t\t<\/div>\n\t\t\t\t<\/div>\n\t\t\t\t\t<\/div>\n\t\t\t\t<\/div>\n\t\t\t\t<\/div>","protected":false},"excerpt":{"rendered":"<p>Lemond\u00e1si felt\u00e9telek Fizet\u00e9si \u00e9s lemond\u00e1si felt\u00e9telek: 50 % el\u0151leg a visszaigazol\u00e1st k\u00f6vet\u0151 5 napon bel\u00fcl\u00a0banki utal\u00e1ssal a\u00a0B1237 Kft.\u00a0MBH Bankn\u00e1l vezetett\u00a01030002-13262984-00014909\u00a0sz\u00e1m\u00fa banksz\u00e1ml\u00e1j\u00e1ra\u00a0(HUF-sz\u00e1mla) vagy Sz\u00e9p k\u00e1rty\u00e1val, amelyr\u0151l el\u0151legsz\u00e1ml\u00e1t \u00e1ll\u00edtunk ki. Fennmarad\u00f3 50% \u00e9rkez\u00e9sig \u00e1tutal\u00e1ssal vagy elutaz\u00e1skor a recepci\u00f3n k\u00e9szp\u00e9nzben, bankk\u00e1rty\u00e1val (Visa, Mastercard, Maestro) vagy Sz\u00e9p k\u00e1rty\u00e1val (Hotel Hal\u00e1szkert, Badacsonytomaj) vagy 100% el\u0151re utal\u00e1ssal. K\u00d6ZLEM\u00c9NY: FOGLAL\u00c1SI N\u00c9V, \u00c9RKEZ\u0150\/FOGLAL\u00d3 [&hellip;]<\/p>","protected":false},"author":1,"featured_media":0,"parent":0,"menu_order":0,"comment_status":"closed","ping_status":"closed","template":"","meta":{"footnotes":""},"class_list":["post-65","page","type-page","status-publish","hentry"],"_links":{"self":[{"href":"https:\/\/hotelhalaszkert.hu\/en\/wp-json\/wp\/v2\/pages\/65","targetHints":{"allow":["GET"]}}],"collection":[{"href":"https:\/\/hotelhalaszkert.hu\/en\/wp-json\/wp\/v2\/pages"}],"about":[{"href":"https:\/\/hotelhalaszkert.hu\/en\/wp-json\/wp\/v2\/types\/page"}],"author":[{"embeddable":true,"href":"https:\/\/hotelhalaszkert.hu\/en\/wp-json\/wp\/v2\/users\/1"}],"replies":[{"embeddable":true,"href":"https:\/\/hotelhalaszkert.hu\/en\/wp-json\/wp\/v2\/comments?post=65"}],"version-history":[{"count":7,"href":"https:\/\/hotelhalaszkert.hu\/en\/wp-json\/wp\/v2\/pages\/65\/revisions"}],"predecessor-version":[{"id":525,"href":"https:\/\/hotelhalaszkert.hu\/en\/wp-json\/wp\/v2\/pages\/65\/revisions\/525"}],"wp:attachment":[{"href":"https:\/\/hotelhalaszkert.hu\/en\/wp-json\/wp\/v2\/media?parent=65"}],"curies":[{"name":"wp","href":"https:\/\/api.w.org\/{rel}","templated":true}]}}