{"id":809,"date":"2026-02-12T11:04:40","date_gmt":"2026-02-12T10:04:40","guid":{"rendered":"https:\/\/hotelhalaszkert.hu\/?page_id=809"},"modified":"2026-04-08T16:49:37","modified_gmt":"2026-04-08T14:49:37","slug":"akciok-ajanlatok","status":"publish","type":"page","link":"https:\/\/hotelhalaszkert.hu\/en\/akciok-ajanlatok\/","title":{"rendered":"Akci\u00f3k, aj\u00e1nlatok"},"content":{"rendered":"<div data-elementor-type=\"wp-page\" data-elementor-id=\"809\" class=\"elementor elementor-809\" data-elementor-post-type=\"page\">\n\t\t\t\t<div class=\"elementor-element elementor-element-95e4ca3 e-flex e-con-boxed e-con e-parent\" data-id=\"95e4ca3\" data-element_type=\"container\">\n\t\t\t\t\t<div class=\"e-con-inner\">\n\t\t\t\t<div class=\"elementor-element elementor-element-6eb59a5 elementor-widget elementor-widget-heading\" data-id=\"6eb59a5\" data-element_type=\"widget\" data-widget_type=\"heading.default\">\n\t\t\t\t<div class=\"elementor-widget-container\">\n\t\t\t\t\t<h2 class=\"elementor-heading-title elementor-size-default\">15% el\u0151foglal\u00e1si kedvezm\u00e9ny<\/h2>\t\t\t\t<\/div>\n\t\t\t\t<\/div>\n\t\t\t\t<div class=\"elementor-element elementor-element-d49061d elementor-widget elementor-widget-text-editor\" data-id=\"d49061d\" data-element_type=\"widget\" data-widget_type=\"text-editor.default\">\n\t\t\t\t<div class=\"elementor-widget-container\">\n\t\t\t\t\t\t\t\t\t<p>15% el\u0151foglal\u00e1si kedvezm\u00e9nyt adunk 2026.06.18-ig t\u00f6rt\u00e9n\u0151 tart\u00f3zkod\u00e1s eset\u00e9n.<\/p><p>A kedvezm\u00e9ny egy \u00e9jszak\u00e1s foglal\u00e1sra is \u00e9rv\u00e9nyes.<\/p><p>A kedvezm\u00e9ny 2026. j\u00fanius 18-ig vagy visszavon\u00e1sig \u00e9rv\u00e9nyes.<\/p>\t\t\t\t\t\t\t\t<\/div>\n\t\t\t\t<\/div>\n\t\t\t\t<div class=\"elementor-element elementor-element-74cb88f elementor-widget elementor-widget-button\" data-id=\"74cb88f\" data-element_type=\"widget\" data-widget_type=\"button.default\">\n\t\t\t\t<div class=\"elementor-widget-container\">\n\t\t\t\t\t\t\t\t\t<div class=\"elementor-button-wrapper\">\n\t\t\t\t\t<a class=\"elementor-button elementor-button-link elementor-size-sm\" href=\"https:\/\/book.hotelhalaszkert.hu\/foglalas\/kereses\">\n\t\t\t\t\t\t<span class=\"elementor-button-content-wrapper\">\n\t\t\t\t\t\t\t\t\t<span class=\"elementor-button-text\">FOGLALOK!<\/span>\n\t\t\t\t\t<\/span>\n\t\t\t\t\t<\/a>\n\t\t\t\t<\/div>\n\t\t\t\t\t\t\t\t<\/div>\n\t\t\t\t<\/div>\n\t\t\t\t\t<\/div>\n\t\t\t\t<\/div>\n\t\t<div class=\"elementor-element elementor-element-0dee4d4 e-flex e-con-boxed e-con e-parent\" data-id=\"0dee4d4\" data-element_type=\"container\">\n\t\t\t\t\t<div class=\"e-con-inner\">\n\t\t\t\t<div class=\"elementor-element elementor-element-f446bcc elementor-widget elementor-widget-heading\" data-id=\"f446bcc\" data-element_type=\"widget\" data-widget_type=\"heading.default\">\n\t\t\t\t<div class=\"elementor-widget-container\">\n\t\t\t\t\t<h2 class=\"elementor-heading-title elementor-size-default\">Mi\u00e9rt a Hotel Hal\u00e1szkert?<\/h2>\t\t\t\t<\/div>\n\t\t\t\t<\/div>\n\t\t\t\t<div class=\"elementor-element elementor-element-3d9eec0 elementor-widget elementor-widget-text-editor\" data-id=\"3d9eec0\" data-element_type=\"widget\" data-widget_type=\"text-editor.default\">\n\t\t\t\t<div class=\"elementor-widget-container\">\n\t\t\t\t\t\t\t\t\t<p>\u2714 Wellness r\u00e9szleg medenc\u00e9vel, jakuzzival \u00e9s szaun\u00e1val<br data-start=\"852\" data-end=\"855\" \/>\u2714 Nyugodt, bar\u00e1ts\u00e1gos hangulat<br data-start=\"885\" data-end=\"888\" \/>\u2714 Gy\u00f6ny\u00f6r\u0171 balatoni t\u00e1j \u00e9s sz\u00e1mtalan kir\u00e1ndul\u00e1si lehet\u0151s\u00e9g a k\u00f6rny\u00e9ken<br data-start=\"958\" data-end=\"961\" \/>\u2714 Rugalmas foglal\u00e1s \u2013 ak\u00e1r egy \u00e9jszak\u00e1ra is<\/p>\t\t\t\t\t\t\t\t<\/div>\n\t\t\t\t<\/div>\n\t\t\t\t<div class=\"elementor-element elementor-element-72a0455 elementor-widget elementor-widget-gallery\" data-id=\"72a0455\" data-element_type=\"widget\" data-settings=\"{&quot;lazyload&quot;:&quot;yes&quot;,&quot;gallery_layout&quot;:&quot;grid&quot;,&quot;columns&quot;:4,&quot;columns_tablet&quot;:2,&quot;columns_mobile&quot;:1,&quot;gap&quot;:{&quot;unit&quot;:&quot;px&quot;,&quot;size&quot;:10,&quot;sizes&quot;:[]},&quot;gap_tablet&quot;:{&quot;unit&quot;:&quot;px&quot;,&quot;size&quot;:10,&quot;sizes&quot;:[]},&quot;gap_mobile&quot;:{&quot;unit&quot;:&quot;px&quot;,&quot;size&quot;:10,&quot;sizes&quot;:[]},&quot;link_to&quot;:&quot;file&quot;,&quot;aspect_ratio&quot;:&quot;3:2&quot;,&quot;overlay_background&quot;:&quot;yes&quot;,&quot;content_hover_animation&quot;:&quot;fade-in&quot;}\" data-widget_type=\"gallery.default\">\n\t\t\t\t<div class=\"elementor-widget-container\">\n\t\t\t\t\t\t\t<div class=\"elementor-gallery__container\">\n\t\t\t\t\t\t\t<a class=\"e-gallery-item elementor-gallery-item elementor-animated-content\" href=\"https:\/\/hotelhalaszkert.hu\/wp-content\/uploads\/2025\/02\/hotel18.jpg\" data-elementor-open-lightbox=\"yes\" data-elementor-lightbox-slideshow=\"72a0455\" data-elementor-lightbox-title=\"hotel18\" data-e-action-hash=\"#elementor-action%3Aaction%3Dlightbox%26settings%3DeyJpZCI6NDEwLCJ1cmwiOiJodHRwczpcL1wvaG90ZWxoYWxhc3prZXJ0Lmh1XC93cC1jb250ZW50XC91cGxvYWRzXC8yMDI1XC8wMlwvaG90ZWwxOC5qcGciLCJzbGlkZXNob3ciOiI3MmEwNDU1In0%3D\">\n\t\t\t\t\t<div class=\"e-gallery-image elementor-gallery-item__image\" data-thumbnail=\"https:\/\/hotelhalaszkert.hu\/wp-content\/uploads\/2025\/02\/hotel18-300x150.jpg\" data-width=\"300\" data-height=\"150\" aria-label=\"\" role=\"img\" ><\/div>\n\t\t\t\t\t\t\t\t\t\t\t<div class=\"elementor-gallery-item__overlay\"><\/div>\n\t\t\t\t\t\t\t\t\t\t\t\t\t\t<\/a>\n\t\t\t\t\t\t\t<a class=\"e-gallery-item elementor-gallery-item elementor-animated-content\" href=\"https:\/\/hotelhalaszkert.hu\/wp-content\/uploads\/2025\/02\/hotel9.jpg\" data-elementor-open-lightbox=\"yes\" data-elementor-lightbox-slideshow=\"72a0455\" data-elementor-lightbox-title=\"hotel9\" data-e-action-hash=\"#elementor-action%3Aaction%3Dlightbox%26settings%3DeyJpZCI6NDAxLCJ1cmwiOiJodHRwczpcL1wvaG90ZWxoYWxhc3prZXJ0Lmh1XC93cC1jb250ZW50XC91cGxvYWRzXC8yMDI1XC8wMlwvaG90ZWw5LmpwZyIsInNsaWRlc2hvdyI6IjcyYTA0NTUifQ%3D%3D\">\n\t\t\t\t\t<div class=\"e-gallery-image elementor-gallery-item__image\" data-thumbnail=\"https:\/\/hotelhalaszkert.hu\/wp-content\/uploads\/2025\/02\/hotel9-300x199.jpg\" data-width=\"300\" data-height=\"199\" aria-label=\"\" role=\"img\" ><\/div>\n\t\t\t\t\t\t\t\t\t\t\t<div class=\"elementor-gallery-item__overlay\"><\/div>\n\t\t\t\t\t\t\t\t\t\t\t\t\t\t<\/a>\n\t\t\t\t\t\t\t<a class=\"e-gallery-item elementor-gallery-item elementor-animated-content\" href=\"https:\/\/hotelhalaszkert.hu\/wp-content\/uploads\/2025\/02\/image-2.jpg\" data-elementor-open-lightbox=\"yes\" data-elementor-lightbox-slideshow=\"72a0455\" data-elementor-lightbox-title=\"image (2)\" data-e-action-hash=\"#elementor-action%3Aaction%3Dlightbox%26settings%3DeyJpZCI6MzI0LCJ1cmwiOiJodHRwczpcL1wvaG90ZWxoYWxhc3prZXJ0Lmh1XC93cC1jb250ZW50XC91cGxvYWRzXC8yMDI1XC8wMlwvaW1hZ2UtMi5qcGciLCJzbGlkZXNob3ciOiI3MmEwNDU1In0%3D\">\n\t\t\t\t\t<div class=\"e-gallery-image elementor-gallery-item__image\" data-thumbnail=\"https:\/\/hotelhalaszkert.hu\/wp-content\/uploads\/2025\/02\/image-2-300x200.jpg\" data-width=\"300\" data-height=\"200\" aria-label=\"\" role=\"img\" ><\/div>\n\t\t\t\t\t\t\t\t\t\t\t<div class=\"elementor-gallery-item__overlay\"><\/div>\n\t\t\t\t\t\t\t\t\t\t\t\t\t\t<\/a>\n\t\t\t\t\t\t\t<a class=\"e-gallery-item elementor-gallery-item elementor-animated-content\" href=\"https:\/\/hotelhalaszkert.hu\/wp-content\/uploads\/2025\/02\/image.jpg\" data-elementor-open-lightbox=\"yes\" data-elementor-lightbox-slideshow=\"72a0455\" data-elementor-lightbox-title=\"image\" data-e-action-hash=\"#elementor-action%3Aaction%3Dlightbox%26settings%3DeyJpZCI6MzI2LCJ1cmwiOiJodHRwczpcL1wvaG90ZWxoYWxhc3prZXJ0Lmh1XC93cC1jb250ZW50XC91cGxvYWRzXC8yMDI1XC8wMlwvaW1hZ2UuanBnIiwic2xpZGVzaG93IjoiNzJhMDQ1NSJ9\">\n\t\t\t\t\t<div class=\"e-gallery-image elementor-gallery-item__image\" data-thumbnail=\"https:\/\/hotelhalaszkert.hu\/wp-content\/uploads\/2025\/02\/image-300x199.jpg\" data-width=\"300\" data-height=\"199\" aria-label=\"\" role=\"img\" ><\/div>\n\t\t\t\t\t\t\t\t\t\t\t<div class=\"elementor-gallery-item__overlay\"><\/div>\n\t\t\t\t\t\t\t\t\t\t\t\t\t\t<\/a>\n\t\t\t\t\t<\/div>\n\t\t\t\t\t<\/div>\n\t\t\t\t<\/div>\n\t\t\t\t<div class=\"elementor-element elementor-element-76ade4e elementor-widget elementor-widget-button\" data-id=\"76ade4e\" data-element_type=\"widget\" data-widget_type=\"button.default\">\n\t\t\t\t<div class=\"elementor-widget-container\">\n\t\t\t\t\t\t\t\t\t<div class=\"elementor-button-wrapper\">\n\t\t\t\t\t<a class=\"elementor-button elementor-button-link elementor-size-sm\" href=\"https:\/\/book.hotelhalaszkert.hu\/foglalas\/kereses\" target=\"_blank\">\n\t\t\t\t\t\t<span class=\"elementor-button-content-wrapper\">\n\t\t\t\t\t\t\t\t\t<span class=\"elementor-button-text\">FOGLAL\u00c1S<\/span>\n\t\t\t\t\t<\/span>\n\t\t\t\t\t<\/a>\n\t\t\t\t<\/div>\n\t\t\t\t\t\t\t\t<\/div>\n\t\t\t\t<\/div>\n\t\t\t\t\t<\/div>\n\t\t\t\t<\/div>\n\t\t\t\t<\/div>","protected":false},"excerpt":{"rendered":"<p>15% el\u0151foglal\u00e1si kedvezm\u00e9ny 15% el\u0151foglal\u00e1si kedvezm\u00e9nyt adunk 2026.06.18-ig t\u00f6rt\u00e9n\u0151 tart\u00f3zkod\u00e1s eset\u00e9n. A kedvezm\u00e9ny egy \u00e9jszak\u00e1s foglal\u00e1sra is \u00e9rv\u00e9nyes. A kedvezm\u00e9ny 2026. j\u00fanius 18-ig vagy visszavon\u00e1sig \u00e9rv\u00e9nyes. FOGLALOK! Mi\u00e9rt a Hotel Hal\u00e1szkert? \u2714 Wellness r\u00e9szleg medenc\u00e9vel, jakuzzival \u00e9s szaun\u00e1val\u2714 Nyugodt, bar\u00e1ts\u00e1gos hangulat\u2714 Gy\u00f6ny\u00f6r\u0171 balatoni t\u00e1j \u00e9s sz\u00e1mtalan kir\u00e1ndul\u00e1si lehet\u0151s\u00e9g a k\u00f6rny\u00e9ken\u2714 Rugalmas foglal\u00e1s \u2013 ak\u00e1r egy [&hellip;]<\/p>","protected":false},"author":1,"featured_media":0,"parent":0,"menu_order":0,"comment_status":"closed","ping_status":"closed","template":"","meta":{"footnotes":""},"class_list":["post-809","page","type-page","status-publish","hentry"],"_links":{"self":[{"href":"https:\/\/hotelhalaszkert.hu\/en\/wp-json\/wp\/v2\/pages\/809","targetHints":{"allow":["GET"]}}],"collection":[{"href":"https:\/\/hotelhalaszkert.hu\/en\/wp-json\/wp\/v2\/pages"}],"about":[{"href":"https:\/\/hotelhalaszkert.hu\/en\/wp-json\/wp\/v2\/types\/page"}],"author":[{"embeddable":true,"href":"https:\/\/hotelhalaszkert.hu\/en\/wp-json\/wp\/v2\/users\/1"}],"replies":[{"embeddable":true,"href":"https:\/\/hotelhalaszkert.hu\/en\/wp-json\/wp\/v2\/comments?post=809"}],"version-history":[{"count":10,"href":"https:\/\/hotelhalaszkert.hu\/en\/wp-json\/wp\/v2\/pages\/809\/revisions"}],"predecessor-version":[{"id":838,"href":"https:\/\/hotelhalaszkert.hu\/en\/wp-json\/wp\/v2\/pages\/809\/revisions\/838"}],"wp:attachment":[{"href":"https:\/\/hotelhalaszkert.hu\/en\/wp-json\/wp\/v2\/media?parent=809"}],"curies":[{"name":"wp","href":"https:\/\/api.w.org\/{rel}","templated":true}]}}